{"id":105241,"date":"2025-11-04T03:44:18","date_gmt":"2025-11-04T01:44:18","guid":{"rendered":"https:\/\/automatic.ee\/toode\/transmissiooni-kaitsevaha-300ml\/"},"modified":"2025-11-04T03:44:18","modified_gmt":"2025-11-04T01:44:18","slug":"transmissiooni-kaitsevaha-300ml","status":"publish","type":"product","link":"https:\/\/automatic.ee\/en\/toode\/transmissiooni-kaitsevaha-300ml\/","title":{"rendered":"Transmissiooni kaitsevaha 300ml"},"content":{"rendered":"<p>Liqui Moly Wax Coating on kombinatsioon uusimatest \u00fclit\u00f5husatest vahap\u00f5histest komponentidest. Wax-Coating moodustab l\u00e4bipaistva ja elastse, k\u00f5rge nakkuvusv\u00f5imega kile, mis tagab metallpindadele usaldusv\u00e4\u00e4rse ja pikaajalise kaitse pikaajalisel ladustamisel nii ladudes kui v\u00e4litingimustes. Suurep\u00e4rased kaitsvad korrosioonivastased omadused, vastupidavus soolasele veele ja muudele s\u00f6\u00f6vitavatele teguritele. \u00c4\u00e4rmiselt v\u00e4ljendunud nakkuvusomadused, pikaajaline elastsus. \u00dchildub m\u00e4\u00e4rdeainetega. Sildid ja muud pealdised metallpindadel j\u00e4\u00e4vad t\u00e4nu kaitsekile l\u00e4bipaistvusele loetavaks. \u00d6konoomne v\u00e4ikese tarbimise t\u00f5ttu.<\/p>\n<div><\/div>\n<div>Vahap\u00f5hine toode erinevate autoosade, sh vedrustuse osade s\u00e4ilitamiseks. Vastupidav, painduv ja l\u00e4bipaistev kaitsekile tagab usaldusv\u00e4\u00e4rsed kaitseomadused detailide sise- ja v\u00e4listingimustes hoiustamisel. \u00d5huke kattekile ei sega edasist keevitust\u00f6\u00f6d. Tootega t\u00f6\u00f6deldud pind ei ole \u00f5line, mis teeb detailidega t\u00f6\u00f6tamise v\u00e4ga mugavaks. Toote suurep\u00e4rased kaitseomadused m\u00e4\u00e4ravad selle laia kasutusala osade ladustamisel sise- ja v\u00e4listingimustes, transportimisel ning masinate ja metallist toorikute konserveerimiseks<\/div>\n","protected":false},"excerpt":{"rendered":"<p>LM3311 LIQUI MOLY<\/p>\n","protected":false},"featured_media":105238,"comment_status":"open","ping_status":"closed","template":"","meta":{"colormag_page_container_layout":"default_layout","colormag_page_sidebar_layout":"default_layout"},"product_brand":[],"product_cat":[108],"product_tag":[],"class_list":{"0":"post-105241","1":"product","2":"type-product","3":"status-publish","4":"has-post-thumbnail","6":"product_cat-misc","8":"first","9":"instock","10":"shipping-taxable","11":"purchasable","12":"product-type-simple"},"_links":{"self":[{"href":"https:\/\/automatic.ee\/en\/wp-json\/wp\/v2\/product\/105241","targetHints":{"allow":["GET"]}}],"collection":[{"href":"https:\/\/automatic.ee\/en\/wp-json\/wp\/v2\/product"}],"about":[{"href":"https:\/\/automatic.ee\/en\/wp-json\/wp\/v2\/types\/product"}],"replies":[{"embeddable":true,"href":"https:\/\/automatic.ee\/en\/wp-json\/wp\/v2\/comments?post=105241"}],"wp:featuredmedia":[{"embeddable":true,"href":"https:\/\/automatic.ee\/en\/wp-json\/wp\/v2\/media\/105238"}],"wp:attachment":[{"href":"https:\/\/automatic.ee\/en\/wp-json\/wp\/v2\/media?parent=105241"}],"wp:term":[{"taxonomy":"product_brand","embeddable":true,"href":"https:\/\/automatic.ee\/en\/wp-json\/wp\/v2\/product_brand?post=105241"},{"taxonomy":"product_cat","embeddable":true,"href":"https:\/\/automatic.ee\/en\/wp-json\/wp\/v2\/product_cat?post=105241"},{"taxonomy":"product_tag","embeddable":true,"href":"https:\/\/automatic.ee\/en\/wp-json\/wp\/v2\/product_tag?post=105241"}],"curies":[{"name":"wp","href":"https:\/\/api.w.org\/{rel}","templated":true}]}}