{"id":105221,"date":"2025-11-04T03:43:56","date_gmt":"2025-11-04T01:43:56","guid":{"rendered":"https:\/\/automatic.ee\/toode\/summuti-remondipasta-200g-liqui-moly\/"},"modified":"2025-11-04T03:43:56","modified_gmt":"2025-11-04T01:43:56","slug":"summuti-remondipasta-200g-liqui-moly","status":"publish","type":"product","link":"https:\/\/automatic.ee\/en\/toode\/summuti-remondipasta-200g-liqui-moly\/","title":{"rendered":"Summuti remondipasta 200g LIQUI MOLY"},"content":{"rendered":"<p>Spetsiaalne toode v\u00e4ljalaskes\u00fcsteemide h\u00f5lpsaks, soodsaks ja kiireks parandamiseks. Summuti parandusvahend Exhaust Repair Paste on asbesti- ja lahustivaba, ei reosta keskkonda, on kuumakindel ja t\u00e4idab gaasikindlalt v\u00e4iksemad augud ja praod v\u00e4ljalaskes\u00fcsteemis. Kasutustemperatuur kuni +700 \u00b0C.<\/p>\n","protected":false},"excerpt":{"rendered":"<p>LM3340 LIQUI MOLY<\/p>\n","protected":false},"featured_media":105218,"comment_status":"open","ping_status":"closed","template":"","meta":{"colormag_page_container_layout":"default_layout","colormag_page_sidebar_layout":"default_layout"},"product_brand":[],"product_cat":[108],"product_tag":[],"class_list":{"0":"post-105221","1":"product","2":"type-product","3":"status-publish","4":"has-post-thumbnail","6":"product_cat-misc","8":"first","9":"instock","10":"shipping-taxable","11":"purchasable","12":"product-type-simple"},"_links":{"self":[{"href":"https:\/\/automatic.ee\/en\/wp-json\/wp\/v2\/product\/105221","targetHints":{"allow":["GET"]}}],"collection":[{"href":"https:\/\/automatic.ee\/en\/wp-json\/wp\/v2\/product"}],"about":[{"href":"https:\/\/automatic.ee\/en\/wp-json\/wp\/v2\/types\/product"}],"replies":[{"embeddable":true,"href":"https:\/\/automatic.ee\/en\/wp-json\/wp\/v2\/comments?post=105221"}],"wp:featuredmedia":[{"embeddable":true,"href":"https:\/\/automatic.ee\/en\/wp-json\/wp\/v2\/media\/105218"}],"wp:attachment":[{"href":"https:\/\/automatic.ee\/en\/wp-json\/wp\/v2\/media?parent=105221"}],"wp:term":[{"taxonomy":"product_brand","embeddable":true,"href":"https:\/\/automatic.ee\/en\/wp-json\/wp\/v2\/product_brand?post=105221"},{"taxonomy":"product_cat","embeddable":true,"href":"https:\/\/automatic.ee\/en\/wp-json\/wp\/v2\/product_cat?post=105221"},{"taxonomy":"product_tag","embeddable":true,"href":"https:\/\/automatic.ee\/en\/wp-json\/wp\/v2\/product_tag?post=105221"}],"curies":[{"name":"wp","href":"https:\/\/api.w.org\/{rel}","templated":true}]}}