{"id":105209,"date":"2025-11-04T03:43:36","date_gmt":"2025-11-04T01:43:36","guid":{"rendered":"https:\/\/automatic.ee\/toode\/summutiparandusteip-1m-liqui-moly\/"},"modified":"2025-11-04T03:43:36","modified_gmt":"2025-11-04T01:43:36","slug":"summutiparandusteip-1m-liqui-moly","status":"publish","type":"product","link":"https:\/\/automatic.ee\/en\/toode\/summutiparandusteip-1m-liqui-moly\/","title":{"rendered":"Summutiparandusteip 1m LIQUI MOLY"},"content":{"rendered":"<p>Spetsiaalne toode v\u00e4ljalaskes\u00fcsteemide kiireks ja soodsaks parandamiseks. Summuti parandusriba Exhaust Bandage on asbesti- ja lahustivaba, ei reosta keskkonda, on kuumakindel ja t\u00e4idab gaasikindlalt v\u00e4iksemad augud ja praod v\u00e4ljalaskes\u00fcsteemis.<\/p>\n","protected":false},"excerpt":{"rendered":"<p>LM3344 LIQUI MOLY<\/p>\n","protected":false},"featured_media":105206,"comment_status":"open","ping_status":"closed","template":"","meta":{"colormag_page_container_layout":"default_layout","colormag_page_sidebar_layout":"default_layout"},"product_brand":[],"product_cat":[108],"product_tag":[],"class_list":{"0":"post-105209","1":"product","2":"type-product","3":"status-publish","4":"has-post-thumbnail","6":"product_cat-misc","8":"first","9":"instock","10":"shipping-taxable","11":"purchasable","12":"product-type-simple"},"_links":{"self":[{"href":"https:\/\/automatic.ee\/en\/wp-json\/wp\/v2\/product\/105209","targetHints":{"allow":["GET"]}}],"collection":[{"href":"https:\/\/automatic.ee\/en\/wp-json\/wp\/v2\/product"}],"about":[{"href":"https:\/\/automatic.ee\/en\/wp-json\/wp\/v2\/types\/product"}],"replies":[{"embeddable":true,"href":"https:\/\/automatic.ee\/en\/wp-json\/wp\/v2\/comments?post=105209"}],"wp:featuredmedia":[{"embeddable":true,"href":"https:\/\/automatic.ee\/en\/wp-json\/wp\/v2\/media\/105206"}],"wp:attachment":[{"href":"https:\/\/automatic.ee\/en\/wp-json\/wp\/v2\/media?parent=105209"}],"wp:term":[{"taxonomy":"product_brand","embeddable":true,"href":"https:\/\/automatic.ee\/en\/wp-json\/wp\/v2\/product_brand?post=105209"},{"taxonomy":"product_cat","embeddable":true,"href":"https:\/\/automatic.ee\/en\/wp-json\/wp\/v2\/product_cat?post=105209"},{"taxonomy":"product_tag","embeddable":true,"href":"https:\/\/automatic.ee\/en\/wp-json\/wp\/v2\/product_tag?post=105209"}],"curies":[{"name":"wp","href":"https:\/\/api.w.org\/{rel}","templated":true}]}}