{"id":105185,"date":"2025-11-04T03:43:07","date_gmt":"2025-11-04T01:43:07","guid":{"rendered":"https:\/\/automatic.ee\/toode\/lm40-universaaloli-200ml\/"},"modified":"2025-11-04T03:43:07","modified_gmt":"2025-11-04T01:43:07","slug":"lm40-universaaloli-200ml","status":"publish","type":"product","link":"https:\/\/automatic.ee\/en\/toode\/lm40-universaaloli-200ml\/","title":{"rendered":"LM40 Universaal\u00f5li 200ml"},"content":{"rendered":"<p>M\u00e4\u00e4rib, puhastab, vabastab, kaitseb ja hooldab. Hoiab liikuvad osad p\u00fcsivalt liikuvatena. T\u00e4nu oma \u00fcliheadele vaheletungivatele omadustele j\u00f5uab LM-40 ka k\u00f5ige raskemini l\u00e4bip\u00e4\u00e4setavate m\u00e4\u00e4rimispunktideni. Vabastab: Koheselt t\u00f5rksad, sisseroostetanud ja kinnikiilunud kruvid. Puhastab: Varjatud mustuse ning t\u00f5rksad \u00f5li- ja m\u00e4\u00e4rdej\u00e4\u00e4gid. Kaitseb: Rooste ja korrosiooni tekke eest ning hooldab kroomdetaile.<\/p>\n<p>LIQUI MOLY<\/p>\n<p>LM3390<\/p>\n","protected":false},"excerpt":{"rendered":"<p>LM3390 LIQUI MOLY<\/p>\n","protected":false},"featured_media":105182,"comment_status":"open","ping_status":"closed","template":"","meta":{"colormag_page_container_layout":"default_layout","colormag_page_sidebar_layout":"default_layout"},"product_brand":[],"product_cat":[108],"product_tag":[],"class_list":{"0":"post-105185","1":"product","2":"type-product","3":"status-publish","4":"has-post-thumbnail","6":"product_cat-misc","8":"first","9":"instock","10":"shipping-taxable","11":"purchasable","12":"product-type-simple"},"_links":{"self":[{"href":"https:\/\/automatic.ee\/en\/wp-json\/wp\/v2\/product\/105185","targetHints":{"allow":["GET"]}}],"collection":[{"href":"https:\/\/automatic.ee\/en\/wp-json\/wp\/v2\/product"}],"about":[{"href":"https:\/\/automatic.ee\/en\/wp-json\/wp\/v2\/types\/product"}],"replies":[{"embeddable":true,"href":"https:\/\/automatic.ee\/en\/wp-json\/wp\/v2\/comments?post=105185"}],"wp:featuredmedia":[{"embeddable":true,"href":"https:\/\/automatic.ee\/en\/wp-json\/wp\/v2\/media\/105182"}],"wp:attachment":[{"href":"https:\/\/automatic.ee\/en\/wp-json\/wp\/v2\/media?parent=105185"}],"wp:term":[{"taxonomy":"product_brand","embeddable":true,"href":"https:\/\/automatic.ee\/en\/wp-json\/wp\/v2\/product_brand?post=105185"},{"taxonomy":"product_cat","embeddable":true,"href":"https:\/\/automatic.ee\/en\/wp-json\/wp\/v2\/product_cat?post=105185"},{"taxonomy":"product_tag","embeddable":true,"href":"https:\/\/automatic.ee\/en\/wp-json\/wp\/v2\/product_tag?post=105185"}],"curies":[{"name":"wp","href":"https:\/\/api.w.org\/{rel}","templated":true}]}}