{"id":105157,"date":"2025-11-04T03:42:30","date_gmt":"2025-11-04T01:42:30","guid":{"rendered":"https:\/\/automatic.ee\/toode\/cera-tec-keraamiline-olilisand-300ml\/"},"modified":"2025-11-04T03:42:30","modified_gmt":"2025-11-04T01:42:30","slug":"cera-tec-keraamiline-olilisand-300ml","status":"publish","type":"product","link":"https:\/\/automatic.ee\/en\/toode\/cera-tec-keraamiline-olilisand-300ml\/","title":{"rendered":"CERA TEC keraamiline \u00f5lilisand 300ml"},"content":{"rendered":"<p>CERA TEC on k\u00f5rgtehnoloogiline keraamiline kulumiskaitse, mida v\u00f5ib lisada k\u00f5ikidele kaubanduses turustatavatele \u00f5lidele. CERA TEC v\u00e4hendab t\u00e4nu keemiliselt ning termiliselt \u00fclivastupidavatele keraamiliste komponentide sisaldusele nii h\u00f5\u00f5rdumist kui ka kulumist. V\u00e4hendab metallidevahelist otsest h\u00f5\u00f5rdumist, pikendades n\u00f5nda seadme k\u00e4itusressurssi. Sujuvama k\u00e4iguga saavutatav efekt v\u00e4hendab mootorite bensiini- ja diislikulu.<\/p>\n","protected":false},"excerpt":{"rendered":"<p>LM3721 LIQUI MOLY<\/p>\n","protected":false},"featured_media":105154,"comment_status":"open","ping_status":"closed","template":"","meta":{"colormag_page_container_layout":"default_layout","colormag_page_sidebar_layout":"default_layout"},"product_brand":[],"product_cat":[108],"product_tag":[],"class_list":{"0":"post-105157","1":"product","2":"type-product","3":"status-publish","4":"has-post-thumbnail","6":"product_cat-misc","8":"first","9":"instock","10":"shipping-taxable","11":"purchasable","12":"product-type-simple"},"_links":{"self":[{"href":"https:\/\/automatic.ee\/en\/wp-json\/wp\/v2\/product\/105157","targetHints":{"allow":["GET"]}}],"collection":[{"href":"https:\/\/automatic.ee\/en\/wp-json\/wp\/v2\/product"}],"about":[{"href":"https:\/\/automatic.ee\/en\/wp-json\/wp\/v2\/types\/product"}],"replies":[{"embeddable":true,"href":"https:\/\/automatic.ee\/en\/wp-json\/wp\/v2\/comments?post=105157"}],"wp:featuredmedia":[{"embeddable":true,"href":"https:\/\/automatic.ee\/en\/wp-json\/wp\/v2\/media\/105154"}],"wp:attachment":[{"href":"https:\/\/automatic.ee\/en\/wp-json\/wp\/v2\/media?parent=105157"}],"wp:term":[{"taxonomy":"product_brand","embeddable":true,"href":"https:\/\/automatic.ee\/en\/wp-json\/wp\/v2\/product_brand?post=105157"},{"taxonomy":"product_cat","embeddable":true,"href":"https:\/\/automatic.ee\/en\/wp-json\/wp\/v2\/product_cat?post=105157"},{"taxonomy":"product_tag","embeddable":true,"href":"https:\/\/automatic.ee\/en\/wp-json\/wp\/v2\/product_tag?post=105157"}],"curies":[{"name":"wp","href":"https:\/\/api.w.org\/{rel}","templated":true}]}}