{"id":105153,"date":"2025-11-04T03:42:26","date_gmt":"2025-11-04T01:42:26","guid":{"rendered":"https:\/\/automatic.ee\/toode\/kiirenduseparanduslisand-250ml-liqui-moly\/"},"modified":"2025-11-04T03:42:26","modified_gmt":"2025-11-04T01:42:26","slug":"kiirenduseparanduslisand-250ml-liqui-moly","status":"publish","type":"product","link":"https:\/\/automatic.ee\/en\/toode\/kiirenduseparanduslisand-250ml-liqui-moly\/","title":{"rendered":"Kiirenduseparanduslisand 250ml LIQUI MOLY"},"content":{"rendered":"<p>See \u00fclimalt kaasaegne k\u00fctuselisand on spetsiaalselt v\u00e4lja t\u00f6\u00f6tatud kiirenduse parandamiseks osalistel koormustel. Parem j\u00f5udlus pakub suurema s\u00f5idur\u00f5\u00f5mu. Mootor k\u00e4ivitub paremini ja ka t\u00f6\u00f6tab \u00fchtlasemalt.<\/p>\n<p>LM3722<\/p>\n<p>LIQUI MOLY<\/p>\n","protected":false},"excerpt":{"rendered":"<p>LM3722 LIQUI MOLY<\/p>\n","protected":false},"featured_media":105150,"comment_status":"open","ping_status":"closed","template":"","meta":{"colormag_page_container_layout":"default_layout","colormag_page_sidebar_layout":"default_layout"},"product_brand":[],"product_cat":[108],"product_tag":[],"class_list":{"0":"post-105153","1":"product","2":"type-product","3":"status-publish","4":"has-post-thumbnail","6":"product_cat-misc","8":"first","9":"instock","10":"shipping-taxable","11":"purchasable","12":"product-type-simple"},"_links":{"self":[{"href":"https:\/\/automatic.ee\/en\/wp-json\/wp\/v2\/product\/105153","targetHints":{"allow":["GET"]}}],"collection":[{"href":"https:\/\/automatic.ee\/en\/wp-json\/wp\/v2\/product"}],"about":[{"href":"https:\/\/automatic.ee\/en\/wp-json\/wp\/v2\/types\/product"}],"replies":[{"embeddable":true,"href":"https:\/\/automatic.ee\/en\/wp-json\/wp\/v2\/comments?post=105153"}],"wp:featuredmedia":[{"embeddable":true,"href":"https:\/\/automatic.ee\/en\/wp-json\/wp\/v2\/media\/105150"}],"wp:attachment":[{"href":"https:\/\/automatic.ee\/en\/wp-json\/wp\/v2\/media?parent=105153"}],"wp:term":[{"taxonomy":"product_brand","embeddable":true,"href":"https:\/\/automatic.ee\/en\/wp-json\/wp\/v2\/product_brand?post=105153"},{"taxonomy":"product_cat","embeddable":true,"href":"https:\/\/automatic.ee\/en\/wp-json\/wp\/v2\/product_cat?post=105153"},{"taxonomy":"product_tag","embeddable":true,"href":"https:\/\/automatic.ee\/en\/wp-json\/wp\/v2\/product_tag?post=105153"}],"curies":[{"name":"wp","href":"https:\/\/api.w.org\/{rel}","templated":true}]}}