{"id":105117,"date":"2025-11-04T03:41:47","date_gmt":"2025-11-04T01:41:47","guid":{"rendered":"https:\/\/automatic.ee\/toode\/bensiini-stabilisaatorlisand-250ml\/"},"modified":"2025-11-04T03:41:47","modified_gmt":"2025-11-04T01:41:47","slug":"bensiini-stabilisaatorlisand-250ml","status":"publish","type":"product","link":"https:\/\/automatic.ee\/en\/toode\/bensiini-stabilisaatorlisand-250ml\/","title":{"rendered":"Bensiini stabilisaatorlisand 250ml"},"content":{"rendered":"<p>V\u00e4ldib k\u00fctuse oks\u00fcdeerumist ning riknemist vananemise l\u00e4bi. Kaitseb kogu toites\u00fcsteemi korrosiooni vastu. Tagab kollektsioonieksemplaride, kabriolettide, mootorrataste, skuutrite, ATV-de, muruniidukite, mootorsaagide ning muude mitte regulaarselt kasutatavate 2- ning 4-taktiliste bensiinimootorite k\u00e4itusvalmiduse. Tagab pikajalisema t\u00f6\u00f6kindluse..<\/p>\n","protected":false},"excerpt":{"rendered":"<p>LM5107 LIQUI MOLY<\/p>\n","protected":false},"featured_media":105114,"comment_status":"open","ping_status":"closed","template":"","meta":{"colormag_page_container_layout":"default_layout","colormag_page_sidebar_layout":"default_layout"},"product_brand":[],"product_cat":[108],"product_tag":[],"class_list":{"0":"post-105117","1":"product","2":"type-product","3":"status-publish","4":"has-post-thumbnail","6":"product_cat-misc","8":"first","9":"instock","10":"shipping-taxable","11":"purchasable","12":"product-type-simple"},"_links":{"self":[{"href":"https:\/\/automatic.ee\/en\/wp-json\/wp\/v2\/product\/105117","targetHints":{"allow":["GET"]}}],"collection":[{"href":"https:\/\/automatic.ee\/en\/wp-json\/wp\/v2\/product"}],"about":[{"href":"https:\/\/automatic.ee\/en\/wp-json\/wp\/v2\/types\/product"}],"replies":[{"embeddable":true,"href":"https:\/\/automatic.ee\/en\/wp-json\/wp\/v2\/comments?post=105117"}],"wp:featuredmedia":[{"embeddable":true,"href":"https:\/\/automatic.ee\/en\/wp-json\/wp\/v2\/media\/105114"}],"wp:attachment":[{"href":"https:\/\/automatic.ee\/en\/wp-json\/wp\/v2\/media?parent=105117"}],"wp:term":[{"taxonomy":"product_brand","embeddable":true,"href":"https:\/\/automatic.ee\/en\/wp-json\/wp\/v2\/product_brand?post=105117"},{"taxonomy":"product_cat","embeddable":true,"href":"https:\/\/automatic.ee\/en\/wp-json\/wp\/v2\/product_cat?post=105117"},{"taxonomy":"product_tag","embeddable":true,"href":"https:\/\/automatic.ee\/en\/wp-json\/wp\/v2\/product_tag?post=105117"}],"curies":[{"name":"wp","href":"https:\/\/api.w.org\/{rel}","templated":true}]}}