{"id":105113,"date":"2025-11-04T03:41:43","date_gmt":"2025-11-04T01:41:43","guid":{"rendered":"https:\/\/automatic.ee\/toode\/kutusesusteemi-kaitse-ja-hoolduslisand-300ml-bensiin\/"},"modified":"2025-11-04T03:41:43","modified_gmt":"2025-11-04T01:41:43","slug":"kutusesusteemi-kaitse-ja-hoolduslisand-300ml-bensiin","status":"publish","type":"product","link":"https:\/\/automatic.ee\/en\/toode\/kutusesusteemi-kaitse-ja-hoolduslisand-300ml-bensiin\/","title":{"rendered":"K\u00fctuses\u00fcsteemi kaitse- ja hoolduslisand 300ml (bensiin)"},"content":{"rendered":"<p>Hooldab ja kaitseb toites\u00fcsteemi tervikuna kulumise, saastumise ja korrosiooni eest. Muudab mootori t\u00f6\u00f6 t\u00f5husamaks ega lase j\u00f5udlusel langeda. Puhtad mootorid kulutavad v\u00e4hem k\u00fctust ja on v\u00e4hem saastavad.<\/p>\n<p>LIQUI MOLY<\/p>\n<p>LM5108<\/p>\n","protected":false},"excerpt":{"rendered":"<p>LM5108 LIQUI MOLY<\/p>\n","protected":false},"featured_media":105110,"comment_status":"open","ping_status":"closed","template":"","meta":{"colormag_page_container_layout":"default_layout","colormag_page_sidebar_layout":"default_layout"},"product_brand":[],"product_cat":[108],"product_tag":[],"class_list":{"0":"post-105113","1":"product","2":"type-product","3":"status-publish","4":"has-post-thumbnail","6":"product_cat-misc","8":"first","9":"instock","10":"shipping-taxable","11":"purchasable","12":"product-type-simple"},"_links":{"self":[{"href":"https:\/\/automatic.ee\/en\/wp-json\/wp\/v2\/product\/105113","targetHints":{"allow":["GET"]}}],"collection":[{"href":"https:\/\/automatic.ee\/en\/wp-json\/wp\/v2\/product"}],"about":[{"href":"https:\/\/automatic.ee\/en\/wp-json\/wp\/v2\/types\/product"}],"replies":[{"embeddable":true,"href":"https:\/\/automatic.ee\/en\/wp-json\/wp\/v2\/comments?post=105113"}],"wp:featuredmedia":[{"embeddable":true,"href":"https:\/\/automatic.ee\/en\/wp-json\/wp\/v2\/media\/105110"}],"wp:attachment":[{"href":"https:\/\/automatic.ee\/en\/wp-json\/wp\/v2\/media?parent=105113"}],"wp:term":[{"taxonomy":"product_brand","embeddable":true,"href":"https:\/\/automatic.ee\/en\/wp-json\/wp\/v2\/product_brand?post=105113"},{"taxonomy":"product_cat","embeddable":true,"href":"https:\/\/automatic.ee\/en\/wp-json\/wp\/v2\/product_cat?post=105113"},{"taxonomy":"product_tag","embeddable":true,"href":"https:\/\/automatic.ee\/en\/wp-json\/wp\/v2\/product_tag?post=105113"}],"curies":[{"name":"wp","href":"https:\/\/api.w.org\/{rel}","templated":true}]}}