{"id":105105,"date":"2025-11-04T03:41:33","date_gmt":"2025-11-04T01:41:33","guid":{"rendered":"https:\/\/automatic.ee\/toode\/pihusti-puhastusvahend-300ml-%d0%be%d1%87%d0%b8%d1%81%d1%82%d0%b8%d1%82%d0%b5%d0%bb%d1%8c-%d0%b8%d0%bd%d0%b6%d0%b5%d0%ba%d1%82%d0%be%d1%80%d0%b0\/"},"modified":"2025-11-04T03:41:33","modified_gmt":"2025-11-04T01:41:33","slug":"pihusti-puhastusvahend-300ml-%d0%be%d1%87%d0%b8%d1%81%d1%82%d0%b8%d1%82%d0%b5%d0%bb%d1%8c-%d0%b8%d0%bd%d0%b6%d0%b5%d0%ba%d1%82%d0%be%d1%80%d0%b0","status":"publish","type":"product","link":"https:\/\/automatic.ee\/en\/toode\/pihusti-puhastusvahend-300ml-%d0%be%d1%87%d0%b8%d1%81%d1%82%d0%b8%d1%82%d0%b5%d0%bb%d1%8c-%d0%b8%d0%bd%d0%b6%d0%b5%d0%ba%d1%82%d0%be%d1%80%d0%b0\/","title":{"rendered":"Pihusti puhastusvahend 300ml &#8211; \u041e\u0447\u0438\u0441\u0442\u0438\u0442\u0435\u043b\u044c \u0438\u043d\u0436\u0435\u043a\u0442\u043e\u0440\u0430"},"content":{"rendered":"<p>Eemaldab sette pihustitelt, sisselaskeklappidelt, s\u00fc\u00fctek\u00fc\u00fcnaldelt ja p\u00f5lemiskambrist ning t\u00f5kestab uue sette tekkimist. Kaovad probleemid k\u00e4ivitamisel ja mootor t\u00f6\u00f6tab \u00fchtlasemalt. Kaitseb k\u00f5iki toite- ja sissepritses\u00fcsteemi detaile. Hoiab \u00e4ra korrosiooni tekke kogu toites\u00fcsteemi ulatuses. Mootor t\u00f5useb h\u00f5lpsamini p\u00f6\u00f6rdesse ja kompressioon paraneb. V\u00e4hendab heitgaaside hulga normi piiresse ja taastab mootori parima v\u00f5imaliku v\u00f5imsuse. Puhtad mootorid kulutavad v\u00e4hem k\u00fctust ja toodavad v\u00e4hem heitgaase.<\/p>\n","protected":false},"excerpt":{"rendered":"<p>LM5110 LIQUI MOLY<\/p>\n","protected":false},"featured_media":105102,"comment_status":"open","ping_status":"closed","template":"","meta":{"colormag_page_container_layout":"default_layout","colormag_page_sidebar_layout":"default_layout"},"product_brand":[],"product_cat":[108],"product_tag":[],"class_list":{"0":"post-105105","1":"product","2":"type-product","3":"status-publish","4":"has-post-thumbnail","6":"product_cat-misc","8":"first","9":"instock","10":"shipping-taxable","11":"purchasable","12":"product-type-simple"},"_links":{"self":[{"href":"https:\/\/automatic.ee\/en\/wp-json\/wp\/v2\/product\/105105","targetHints":{"allow":["GET"]}}],"collection":[{"href":"https:\/\/automatic.ee\/en\/wp-json\/wp\/v2\/product"}],"about":[{"href":"https:\/\/automatic.ee\/en\/wp-json\/wp\/v2\/types\/product"}],"replies":[{"embeddable":true,"href":"https:\/\/automatic.ee\/en\/wp-json\/wp\/v2\/comments?post=105105"}],"wp:featuredmedia":[{"embeddable":true,"href":"https:\/\/automatic.ee\/en\/wp-json\/wp\/v2\/media\/105102"}],"wp:attachment":[{"href":"https:\/\/automatic.ee\/en\/wp-json\/wp\/v2\/media?parent=105105"}],"wp:term":[{"taxonomy":"product_brand","embeddable":true,"href":"https:\/\/automatic.ee\/en\/wp-json\/wp\/v2\/product_brand?post=105105"},{"taxonomy":"product_cat","embeddable":true,"href":"https:\/\/automatic.ee\/en\/wp-json\/wp\/v2\/product_cat?post=105105"},{"taxonomy":"product_tag","embeddable":true,"href":"https:\/\/automatic.ee\/en\/wp-json\/wp\/v2\/product_tag?post=105105"}],"curies":[{"name":"wp","href":"https:\/\/api.w.org\/{rel}","templated":true}]}}