{"id":105077,"date":"2025-11-04T03:41:05","date_gmt":"2025-11-04T01:41:05","guid":{"rendered":"https:\/\/automatic.ee\/toode\/diiselkutuselisand-speed-1l-liqui-moly\/"},"modified":"2025-11-04T03:41:05","modified_gmt":"2025-11-04T01:41:05","slug":"diiselkutuselisand-speed-1l-liqui-moly","status":"publish","type":"product","link":"https:\/\/automatic.ee\/en\/toode\/diiselkutuselisand-speed-1l-liqui-moly\/","title":{"rendered":"Diiselk\u00fctuselisand *SPEED* 1L LIQUI MOLY"},"content":{"rendered":"<p>Eemaldab diisli sissepritses\u00fcsteemist ja p\u00f5lemiskambrist sinna ladestunud j\u00e4\u00e4gid ja hoiab \u00e4ra nende taastekke. Hoiab \u00e4ra pihustin\u00f5elade kinnikiilumise ja kleepumise. Tagab mootori vaikse k\u00e4igu. Kaitseb toites\u00fcsteemi tervikuna korrosiooni ja kulumise eest. Taastab mootori optimaalse j\u00f5udluse. Puhtad mootorid kulutavad v\u00e4hem k\u00fctust ja on v\u00e4hem saastavad.<\/p>\n<p>LIQUI MOLY<\/p>\n<p>LM5160<\/p>\n","protected":false},"excerpt":{"rendered":"<p>LM5160<\/p>\n","protected":false},"featured_media":105074,"comment_status":"open","ping_status":"closed","template":"","meta":{"colormag_page_container_layout":"default_layout","colormag_page_sidebar_layout":"default_layout"},"product_brand":[],"product_cat":[108],"product_tag":[],"class_list":{"0":"post-105077","1":"product","2":"type-product","3":"status-publish","4":"has-post-thumbnail","6":"product_cat-misc","8":"first","9":"instock","10":"shipping-taxable","11":"purchasable","12":"product-type-simple"},"_links":{"self":[{"href":"https:\/\/automatic.ee\/en\/wp-json\/wp\/v2\/product\/105077","targetHints":{"allow":["GET"]}}],"collection":[{"href":"https:\/\/automatic.ee\/en\/wp-json\/wp\/v2\/product"}],"about":[{"href":"https:\/\/automatic.ee\/en\/wp-json\/wp\/v2\/types\/product"}],"replies":[{"embeddable":true,"href":"https:\/\/automatic.ee\/en\/wp-json\/wp\/v2\/comments?post=105077"}],"wp:featuredmedia":[{"embeddable":true,"href":"https:\/\/automatic.ee\/en\/wp-json\/wp\/v2\/media\/105074"}],"wp:attachment":[{"href":"https:\/\/automatic.ee\/en\/wp-json\/wp\/v2\/media?parent=105077"}],"wp:term":[{"taxonomy":"product_brand","embeddable":true,"href":"https:\/\/automatic.ee\/en\/wp-json\/wp\/v2\/product_brand?post=105077"},{"taxonomy":"product_cat","embeddable":true,"href":"https:\/\/automatic.ee\/en\/wp-json\/wp\/v2\/product_cat?post=105077"},{"taxonomy":"product_tag","embeddable":true,"href":"https:\/\/automatic.ee\/en\/wp-json\/wp\/v2\/product_tag?post=105077"}],"curies":[{"name":"wp","href":"https:\/\/api.w.org\/{rel}","templated":true}]}}