{"id":105065,"date":"2025-11-04T03:40:48","date_gmt":"2025-11-04T01:40:48","guid":{"rendered":"https:\/\/automatic.ee\/toode\/diiselmootorite-pihustipuhastuslisand-500ml-liqui-moly\/"},"modified":"2025-11-04T03:40:48","modified_gmt":"2025-11-04T01:40:48","slug":"diiselmootorite-pihustipuhastuslisand-500ml-liqui-moly","status":"publish","type":"product","link":"https:\/\/automatic.ee\/en\/toode\/diiselmootorite-pihustipuhastuslisand-500ml-liqui-moly\/","title":{"rendered":"Diiselmootorite pihustipuhastuslisand 500ml LIQUI MOLY"},"content":{"rendered":"<p>Eemaldab pihustitele ja p\u00f5lemiskambrisse ladestuvad j\u00e4\u00e4gid. T\u00f5stab tsetaanarvu. K\u00f5rvaldab puudused mootori t\u00f6\u00f6s nagu n\u00e4iteks kl\u00f5bina t\u00fchik\u00e4igul ja tagab mootori vaikse ning \u00fchtlase k\u00e4igu. Kaitseb toites\u00fcsteemi tervikuna korrosiooni eest. Optimeerib heitgaaside testi v\u00e4\u00e4rtused. Kasutamiseks ka prof\u00fclaktilise meetmena. Puhtad mootorid kulutavad v\u00e4hem k\u00fctust ja on v\u00e4hem saastavad.<\/p>\n<p>LIQUI MOLY<\/p>\n<p>LM5170<\/p>\n","protected":false},"excerpt":{"rendered":"<p>LM5170<\/p>\n","protected":false},"featured_media":105062,"comment_status":"open","ping_status":"closed","template":"","meta":{"colormag_page_container_layout":"default_layout","colormag_page_sidebar_layout":"default_layout"},"product_brand":[],"product_cat":[108],"product_tag":[],"class_list":{"0":"post-105065","1":"product","2":"type-product","3":"status-publish","4":"has-post-thumbnail","6":"product_cat-misc","8":"first","9":"instock","10":"shipping-taxable","11":"purchasable","12":"product-type-simple"},"_links":{"self":[{"href":"https:\/\/automatic.ee\/en\/wp-json\/wp\/v2\/product\/105065","targetHints":{"allow":["GET"]}}],"collection":[{"href":"https:\/\/automatic.ee\/en\/wp-json\/wp\/v2\/product"}],"about":[{"href":"https:\/\/automatic.ee\/en\/wp-json\/wp\/v2\/types\/product"}],"replies":[{"embeddable":true,"href":"https:\/\/automatic.ee\/en\/wp-json\/wp\/v2\/comments?post=105065"}],"wp:featuredmedia":[{"embeddable":true,"href":"https:\/\/automatic.ee\/en\/wp-json\/wp\/v2\/media\/105062"}],"wp:attachment":[{"href":"https:\/\/automatic.ee\/en\/wp-json\/wp\/v2\/media?parent=105065"}],"wp:term":[{"taxonomy":"product_brand","embeddable":true,"href":"https:\/\/automatic.ee\/en\/wp-json\/wp\/v2\/product_brand?post=105065"},{"taxonomy":"product_cat","embeddable":true,"href":"https:\/\/automatic.ee\/en\/wp-json\/wp\/v2\/product_cat?post=105065"},{"taxonomy":"product_tag","embeddable":true,"href":"https:\/\/automatic.ee\/en\/wp-json\/wp\/v2\/product_tag?post=105065"}],"curies":[{"name":"wp","href":"https:\/\/api.w.org\/{rel}","templated":true}]}}