{"id":105061,"date":"2025-11-04T03:40:44","date_gmt":"2025-11-04T01:40:44","guid":{"rendered":"https:\/\/automatic.ee\/toode\/diiselmootorite-pihustipuhastuslisand-500ml\/"},"modified":"2025-11-04T03:40:44","modified_gmt":"2025-11-04T01:40:44","slug":"diiselmootorite-pihustipuhastuslisand-500ml","status":"publish","type":"product","link":"https:\/\/automatic.ee\/en\/toode\/diiselmootorite-pihustipuhastuslisand-500ml\/","title":{"rendered":"Diiselmootorite pihustipuhastuslisand 500ml"},"content":{"rendered":"<p>Eemaldab sadestised pihustitelt ja p\u00f5lemiskambris. Suurendab tsetaanarvu. K\u00f5rvaldab mootoriprobleemid, nagu koputamine t\u00fchik\u00e4igul ning tagab sujuva ja vaikse mootori t\u00f6\u00f6. Kaitseb kogu k\u00fctuses\u00fcsteemi korrosiooni eest. Optimeerib emissioonitesti v\u00e4\u00e4rtusi. V\u00f5ib kasutada ka ennetava meetmena. Puhtad mootorid n\u00f5uavad v\u00e4hem k\u00fctust ja v\u00e4hendavad heitgaase.<\/p>\n<div><\/div>\n<div>K\u00f5igile diiselmootoritele, nii tahkete osakeste filtritega kui ka ilma. Sobib ideaalselt k\u00f5ikide tavap\u00e4raste diisli- ja biodiislik\u00fctustega. Kanistri sisust j\u00e4tkub 75 liitri k\u00fctuse jaoks.<\/div>\n<div><\/div>\n<div>RAKENDUS:<\/div>\n<div><\/div>\n<div>Prof\u00fclaktiline kasutamine:<\/div>\n<div><\/div>\n<div>Lisage diislik\u00fctusele vastavalt \u00fclevaatusintervallidele.<\/div>\n<div><\/div>\n<div>Kasutage konkreetsete probleemide lahendamiseks:<\/div>\n<div><\/div>\n<div>\u00dchendage lahti k\u00fctuse etteande- ja tagasivoolutorud ning sisestage need diisli t\u00fchjenduss\u00fcsteemi. K\u00e4ivitage mootor. K\u00e4ivitage mootor erinevatel p\u00f6\u00f6retel ja l\u00fclitage see v\u00e4lja, enne kui konteiner on t\u00fchi. \u00dchendage k\u00fctusevoolikud uuesti k\u00fctuses\u00fcsteemiga ja kontrollige lekkeid. Tugeva m\u00e4\u00e4rdumise korral korrake vajadusel puhastusprotsessi.<\/div>\n","protected":false},"excerpt":{"rendered":"<p>LM5170 LIQUI MOLY<\/p>\n","protected":false},"featured_media":105058,"comment_status":"open","ping_status":"closed","template":"","meta":{"colormag_page_container_layout":"default_layout","colormag_page_sidebar_layout":"default_layout"},"product_brand":[],"product_cat":[108],"product_tag":[],"class_list":{"0":"post-105061","1":"product","2":"type-product","3":"status-publish","4":"has-post-thumbnail","6":"product_cat-misc","8":"first","9":"instock","10":"shipping-taxable","11":"purchasable","12":"product-type-simple"},"_links":{"self":[{"href":"https:\/\/automatic.ee\/en\/wp-json\/wp\/v2\/product\/105061","targetHints":{"allow":["GET"]}}],"collection":[{"href":"https:\/\/automatic.ee\/en\/wp-json\/wp\/v2\/product"}],"about":[{"href":"https:\/\/automatic.ee\/en\/wp-json\/wp\/v2\/types\/product"}],"replies":[{"embeddable":true,"href":"https:\/\/automatic.ee\/en\/wp-json\/wp\/v2\/comments?post=105061"}],"wp:featuredmedia":[{"embeddable":true,"href":"https:\/\/automatic.ee\/en\/wp-json\/wp\/v2\/media\/105058"}],"wp:attachment":[{"href":"https:\/\/automatic.ee\/en\/wp-json\/wp\/v2\/media?parent=105061"}],"wp:term":[{"taxonomy":"product_brand","embeddable":true,"href":"https:\/\/automatic.ee\/en\/wp-json\/wp\/v2\/product_brand?post=105061"},{"taxonomy":"product_cat","embeddable":true,"href":"https:\/\/automatic.ee\/en\/wp-json\/wp\/v2\/product_cat?post=105061"},{"taxonomy":"product_tag","embeddable":true,"href":"https:\/\/automatic.ee\/en\/wp-json\/wp\/v2\/product_tag?post=105061"}],"curies":[{"name":"wp","href":"https:\/\/api.w.org\/{rel}","templated":true}]}}