{"id":105053,"date":"2025-11-04T03:40:35","date_gmt":"2025-11-04T01:40:35","guid":{"rendered":"https:\/\/automatic.ee\/toode\/diiselkutuse-suitsemist-vahendav-lisand-150ml\/"},"modified":"2025-11-04T03:40:35","modified_gmt":"2025-11-04T01:40:35","slug":"diiselkutuse-suitsemist-vahendav-lisand-150ml","status":"publish","type":"product","link":"https:\/\/automatic.ee\/en\/toode\/diiselkutuse-suitsemist-vahendav-lisand-150ml\/","title":{"rendered":"Diiselk\u00fctuse suitsemist v\u00e4hendav lisand 150ml"},"content":{"rendered":"<p>Kiirendab tahma p\u00f5lemist ning v\u00e4hendab suitsusust. V\u00e4hendab heitgaaside hulka ning ebameeldivat l\u00f5hna. Toime on kohene vahetult p\u00e4rast aine lisamist. Puhastab diisli sisspritses\u00fcsteemi ja muudab mootori t\u00f6\u00f6 pehmemaks. V\u00e4hendab heitgaaside hulga normi piiresse<\/p>\n","protected":false},"excerpt":{"rendered":"<p>LM5180 LIQUI MOLY<\/p>\n","protected":false},"featured_media":105050,"comment_status":"open","ping_status":"closed","template":"","meta":{"colormag_page_container_layout":"default_layout","colormag_page_sidebar_layout":"default_layout"},"product_brand":[],"product_cat":[108],"product_tag":[],"class_list":{"0":"post-105053","1":"product","2":"type-product","3":"status-publish","4":"has-post-thumbnail","6":"product_cat-misc","8":"first","9":"instock","10":"shipping-taxable","11":"purchasable","12":"product-type-simple"},"_links":{"self":[{"href":"https:\/\/automatic.ee\/en\/wp-json\/wp\/v2\/product\/105053","targetHints":{"allow":["GET"]}}],"collection":[{"href":"https:\/\/automatic.ee\/en\/wp-json\/wp\/v2\/product"}],"about":[{"href":"https:\/\/automatic.ee\/en\/wp-json\/wp\/v2\/types\/product"}],"replies":[{"embeddable":true,"href":"https:\/\/automatic.ee\/en\/wp-json\/wp\/v2\/comments?post=105053"}],"wp:featuredmedia":[{"embeddable":true,"href":"https:\/\/automatic.ee\/en\/wp-json\/wp\/v2\/media\/105050"}],"wp:attachment":[{"href":"https:\/\/automatic.ee\/en\/wp-json\/wp\/v2\/media?parent=105053"}],"wp:term":[{"taxonomy":"product_brand","embeddable":true,"href":"https:\/\/automatic.ee\/en\/wp-json\/wp\/v2\/product_brand?post=105053"},{"taxonomy":"product_cat","embeddable":true,"href":"https:\/\/automatic.ee\/en\/wp-json\/wp\/v2\/product_cat?post=105053"},{"taxonomy":"product_tag","embeddable":true,"href":"https:\/\/automatic.ee\/en\/wp-json\/wp\/v2\/product_tag?post=105053"}],"curies":[{"name":"wp","href":"https:\/\/api.w.org\/{rel}","templated":true}]}}