{"id":105001,"date":"2025-11-04T03:39:34","date_gmt":"2025-11-04T01:39:34","guid":{"rendered":"https:\/\/automatic.ee\/toode\/katalusaatori-puhastuslisand-300ml-liqui-moly\/"},"modified":"2025-11-04T03:39:34","modified_gmt":"2025-11-04T01:39:34","slug":"katalusaatori-puhastuslisand-300ml-liqui-moly","status":"publish","type":"product","link":"https:\/\/automatic.ee\/en\/toode\/katalusaatori-puhastuslisand-300ml-liqui-moly\/","title":{"rendered":"Katal\u00fcsaatori puhastuslisand 300ml LIQUI MOLY"},"content":{"rendered":"<p>Puhastava toimega lisand kaitseb katal\u00fcsaatorit ummistumiste ning kogu toites\u00fcsteemi korrosiooni eest. Hoiab nii sissepritses\u00fcsteemi kui ka p\u00f5lemiskambrid puhtana. Puhtad mootorid kulutavad v\u00e4hem k\u00fctust ja eraldavad v\u00e4hem heitgaase hoides keskkonda puhtamana.<\/p>\n<p>LIQUI MOLY<\/p>\n<p>LM7110<\/p>\n","protected":false},"excerpt":{"rendered":"<p>LM7110 LIQUI MOLY<\/p>\n","protected":false},"featured_media":104998,"comment_status":"open","ping_status":"closed","template":"","meta":{"colormag_page_container_layout":"default_layout","colormag_page_sidebar_layout":"default_layout"},"product_brand":[],"product_cat":[108],"product_tag":[],"class_list":{"0":"post-105001","1":"product","2":"type-product","3":"status-publish","4":"has-post-thumbnail","6":"product_cat-misc","8":"first","9":"instock","10":"shipping-taxable","11":"purchasable","12":"product-type-simple"},"_links":{"self":[{"href":"https:\/\/automatic.ee\/en\/wp-json\/wp\/v2\/product\/105001","targetHints":{"allow":["GET"]}}],"collection":[{"href":"https:\/\/automatic.ee\/en\/wp-json\/wp\/v2\/product"}],"about":[{"href":"https:\/\/automatic.ee\/en\/wp-json\/wp\/v2\/types\/product"}],"replies":[{"embeddable":true,"href":"https:\/\/automatic.ee\/en\/wp-json\/wp\/v2\/comments?post=105001"}],"wp:featuredmedia":[{"embeddable":true,"href":"https:\/\/automatic.ee\/en\/wp-json\/wp\/v2\/media\/104998"}],"wp:attachment":[{"href":"https:\/\/automatic.ee\/en\/wp-json\/wp\/v2\/media?parent=105001"}],"wp:term":[{"taxonomy":"product_brand","embeddable":true,"href":"https:\/\/automatic.ee\/en\/wp-json\/wp\/v2\/product_brand?post=105001"},{"taxonomy":"product_cat","embeddable":true,"href":"https:\/\/automatic.ee\/en\/wp-json\/wp\/v2\/product_cat?post=105001"},{"taxonomy":"product_tag","embeddable":true,"href":"https:\/\/automatic.ee\/en\/wp-json\/wp\/v2\/product_tag?post=105001"}],"curies":[{"name":"wp","href":"https:\/\/api.w.org\/{rel}","templated":true}]}}