{"id":104997,"date":"2025-11-04T03:39:28","date_gmt":"2025-11-04T01:39:28","guid":{"rendered":"https:\/\/automatic.ee\/toode\/kummidetalide-hooldusvahend-75ml\/"},"modified":"2025-11-04T03:39:28","modified_gmt":"2025-11-04T01:39:28","slug":"kummidetalide-hooldusvahend-75ml","status":"publish","type":"product","link":"https:\/\/automatic.ee\/en\/toode\/kummidetalide-hooldusvahend-75ml\/","title":{"rendered":"Kummidetalide hooldusvahend 75ml"},"content":{"rendered":"<p>V\u00e4ldib autouste talvist kinnik\u00fclmumist. Hooldab ja annab uuev\u00e4\u00e4rse v\u00e4ljan\u00e4gemise uste, akende, pagasiruumi tihenditele, samuti kummist mattidele ja rehvidele. S\u00e4ilitab kummidetailide elastsuse ja t\u00f5stab nende vastupidavust.<\/p>\n<p>Kasutamiseks kummidetailide hooldamiseks ja kaitsemiseks. Kanna vahend tihenditele pudeli korgi all oleva poroloonpadjakese abil.<\/p>\n","protected":false},"excerpt":{"rendered":"<p>LM7182 LIQUI MOLY<\/p>\n","protected":false},"featured_media":104994,"comment_status":"open","ping_status":"closed","template":"","meta":{"colormag_page_container_layout":"default_layout","colormag_page_sidebar_layout":"default_layout"},"product_brand":[],"product_cat":[108],"product_tag":[],"class_list":{"0":"post-104997","1":"product","2":"type-product","3":"status-publish","4":"has-post-thumbnail","6":"product_cat-misc","8":"first","9":"instock","10":"shipping-taxable","11":"purchasable","12":"product-type-simple"},"_links":{"self":[{"href":"https:\/\/automatic.ee\/en\/wp-json\/wp\/v2\/product\/104997","targetHints":{"allow":["GET"]}}],"collection":[{"href":"https:\/\/automatic.ee\/en\/wp-json\/wp\/v2\/product"}],"about":[{"href":"https:\/\/automatic.ee\/en\/wp-json\/wp\/v2\/types\/product"}],"replies":[{"embeddable":true,"href":"https:\/\/automatic.ee\/en\/wp-json\/wp\/v2\/comments?post=104997"}],"wp:featuredmedia":[{"embeddable":true,"href":"https:\/\/automatic.ee\/en\/wp-json\/wp\/v2\/media\/104994"}],"wp:attachment":[{"href":"https:\/\/automatic.ee\/en\/wp-json\/wp\/v2\/media?parent=104997"}],"wp:term":[{"taxonomy":"product_brand","embeddable":true,"href":"https:\/\/automatic.ee\/en\/wp-json\/wp\/v2\/product_brand?post=104997"},{"taxonomy":"product_cat","embeddable":true,"href":"https:\/\/automatic.ee\/en\/wp-json\/wp\/v2\/product_cat?post=104997"},{"taxonomy":"product_tag","embeddable":true,"href":"https:\/\/automatic.ee\/en\/wp-json\/wp\/v2\/product_tag?post=104997"}],"curies":[{"name":"wp","href":"https:\/\/api.w.org\/{rel}","templated":true}]}}