{"id":104985,"date":"2025-11-04T03:39:13","date_gmt":"2025-11-04T01:39:13","guid":{"rendered":"https:\/\/automatic.ee\/toode\/tehniline-silikoon-aerosool-400ml\/"},"modified":"2025-11-04T03:39:13","modified_gmt":"2025-11-04T01:39:13","slug":"tehniline-silikoon-aerosool-400ml","status":"publish","type":"product","link":"https:\/\/automatic.ee\/en\/toode\/tehniline-silikoon-aerosool-400ml\/","title":{"rendered":"Tehniline silikoon aerosool 400ml"},"content":{"rendered":"<p>Universaalseks kasutamiseks plastikust, kummist, metallist, puidust jne. valmistatud pindadel, et k\u00f5rvaldada raske jooksmine, vingumine, vingumine ja pikaajaliseks pinnakaitseks. Saab kasutada nt kummivoolikute, p\u00f5rkepehmenduste v\u00f5i l\u00f6\u00f6gi piirajate paigaldamise h\u00f5lbustamiseks.<\/p>\n","protected":false},"excerpt":{"rendered":"<p>LM7389 LIQUI MOLY<\/p>\n","protected":false},"featured_media":104982,"comment_status":"open","ping_status":"closed","template":"","meta":{"colormag_page_container_layout":"default_layout","colormag_page_sidebar_layout":"default_layout"},"product_brand":[],"product_cat":[108],"product_tag":[],"class_list":{"0":"post-104985","1":"product","2":"type-product","3":"status-publish","4":"has-post-thumbnail","6":"product_cat-misc","8":"first","9":"instock","10":"shipping-taxable","11":"purchasable","12":"product-type-simple"},"_links":{"self":[{"href":"https:\/\/automatic.ee\/en\/wp-json\/wp\/v2\/product\/104985","targetHints":{"allow":["GET"]}}],"collection":[{"href":"https:\/\/automatic.ee\/en\/wp-json\/wp\/v2\/product"}],"about":[{"href":"https:\/\/automatic.ee\/en\/wp-json\/wp\/v2\/types\/product"}],"replies":[{"embeddable":true,"href":"https:\/\/automatic.ee\/en\/wp-json\/wp\/v2\/comments?post=104985"}],"wp:featuredmedia":[{"embeddable":true,"href":"https:\/\/automatic.ee\/en\/wp-json\/wp\/v2\/media\/104982"}],"wp:attachment":[{"href":"https:\/\/automatic.ee\/en\/wp-json\/wp\/v2\/media?parent=104985"}],"wp:term":[{"taxonomy":"product_brand","embeddable":true,"href":"https:\/\/automatic.ee\/en\/wp-json\/wp\/v2\/product_brand?post=104985"},{"taxonomy":"product_cat","embeddable":true,"href":"https:\/\/automatic.ee\/en\/wp-json\/wp\/v2\/product_cat?post=104985"},{"taxonomy":"product_tag","embeddable":true,"href":"https:\/\/automatic.ee\/en\/wp-json\/wp\/v2\/product_tag?post=104985"}],"curies":[{"name":"wp","href":"https:\/\/api.w.org\/{rel}","templated":true}]}}