{"id":104977,"date":"2025-11-04T03:39:03","date_gmt":"2025-11-04T01:39:03","guid":{"rendered":"https:\/\/automatic.ee\/toode\/pneumotooriistade-oli-50ml\/"},"modified":"2025-11-04T03:39:03","modified_gmt":"2025-11-04T01:39:03","slug":"pneumotooriistade-oli-50ml","status":"publish","type":"product","link":"https:\/\/automatic.ee\/en\/toode\/pneumotooriistade-oli-50ml\/","title":{"rendered":"Pneumot\u00f6\u00f6riistade \u00f5li 50ml"},"content":{"rendered":"<p>LIQUI MOLY<\/p>\n<p>LM7841<\/p>\n","protected":false},"excerpt":{"rendered":"<p>LM7841 LIQUI MOLY<\/p>\n","protected":false},"featured_media":104974,"comment_status":"open","ping_status":"closed","template":"","meta":{"colormag_page_container_layout":"default_layout","colormag_page_sidebar_layout":"default_layout"},"product_brand":[],"product_cat":[108],"product_tag":[],"class_list":{"0":"post-104977","1":"product","2":"type-product","3":"status-publish","4":"has-post-thumbnail","6":"product_cat-misc","8":"first","9":"instock","10":"shipping-taxable","11":"purchasable","12":"product-type-simple"},"_links":{"self":[{"href":"https:\/\/automatic.ee\/en\/wp-json\/wp\/v2\/product\/104977","targetHints":{"allow":["GET"]}}],"collection":[{"href":"https:\/\/automatic.ee\/en\/wp-json\/wp\/v2\/product"}],"about":[{"href":"https:\/\/automatic.ee\/en\/wp-json\/wp\/v2\/types\/product"}],"replies":[{"embeddable":true,"href":"https:\/\/automatic.ee\/en\/wp-json\/wp\/v2\/comments?post=104977"}],"wp:featuredmedia":[{"embeddable":true,"href":"https:\/\/automatic.ee\/en\/wp-json\/wp\/v2\/media\/104974"}],"wp:attachment":[{"href":"https:\/\/automatic.ee\/en\/wp-json\/wp\/v2\/media?parent=104977"}],"wp:term":[{"taxonomy":"product_brand","embeddable":true,"href":"https:\/\/automatic.ee\/en\/wp-json\/wp\/v2\/product_brand?post=104977"},{"taxonomy":"product_cat","embeddable":true,"href":"https:\/\/automatic.ee\/en\/wp-json\/wp\/v2\/product_cat?post=104977"},{"taxonomy":"product_tag","embeddable":true,"href":"https:\/\/automatic.ee\/en\/wp-json\/wp\/v2\/product_tag?post=104977"}],"curies":[{"name":"wp","href":"https:\/\/api.w.org\/{rel}","templated":true}]}}