{"id":104945,"date":"2025-11-04T03:38:30","date_gmt":"2025-11-04T01:38:30","guid":{"rendered":"https:\/\/automatic.ee\/toode\/esituled-vw-t5-2010-2015-tuning-light-black-t6\/"},"modified":"2025-11-04T03:38:30","modified_gmt":"2025-11-04T01:38:30","slug":"esituled-vw-t5-2010-2015-tuning-light-black-t6","status":"publish","type":"product","link":"https:\/\/automatic.ee\/en\/toode\/esituled-vw-t5-2010-2015-tuning-light-black-t6\/","title":{"rendered":"ESITULED VW T5 2010-2015 TUNING LIGHT BLACK T6"},"content":{"rendered":"<h4>Esituled d\u00fcnaamiliste suunatulede ja p\u00e4evas\u00f5idutuledega VW T5<\/h4>\n<p>T\u00fc\u00fcp: VW T5<\/p>\n<p>Aasta: 2010-2015<\/p>\n<p>V\u00e4rv: Must<\/p>\n<p>Versioon: T6 v\u00e4limusega<\/p>\n<p>projektortuled, DRL p\u00e4evas\u00f5idutuledega.<\/p>\n<p>D\u00fcnaamilise suunatulega.<\/p>\n<p>Uus, paar tulesid, originaalkarbis (parem ja vasak).<\/p>\n<p>Vastab Euroopa standarditele &#8211; E-m\u00e4rgis.<\/p>\n<p>P\u00e4evas\u00f5idutuli: DRL LED<\/p>\n<p>L\u00e4hituled: H7 (komplektis)<\/p>\n<p>Kaugtuled: H1 (komplektis)<\/p>\n<p>Elektriliselt k\u00f5rguse reguleerimise v\u00f5imalus (sisseehitatud elektrilise k\u00f5rguse regulaatoriga)<\/p>\n<p>Tootekood: LPVWS6<\/p>\n<p><\/p>\n","protected":false},"excerpt":{"rendered":"<p>LPVWS6<\/p>\n","protected":false},"featured_media":104942,"comment_status":"open","ping_status":"closed","template":"","meta":{"colormag_page_container_layout":"default_layout","colormag_page_sidebar_layout":"default_layout"},"product_brand":[],"product_cat":[108],"product_tag":[],"class_list":{"0":"post-104945","1":"product","2":"type-product","3":"status-publish","4":"has-post-thumbnail","6":"product_cat-misc","8":"first","9":"instock","10":"shipping-taxable","11":"purchasable","12":"product-type-simple"},"_links":{"self":[{"href":"https:\/\/automatic.ee\/en\/wp-json\/wp\/v2\/product\/104945","targetHints":{"allow":["GET"]}}],"collection":[{"href":"https:\/\/automatic.ee\/en\/wp-json\/wp\/v2\/product"}],"about":[{"href":"https:\/\/automatic.ee\/en\/wp-json\/wp\/v2\/types\/product"}],"replies":[{"embeddable":true,"href":"https:\/\/automatic.ee\/en\/wp-json\/wp\/v2\/comments?post=104945"}],"wp:featuredmedia":[{"embeddable":true,"href":"https:\/\/automatic.ee\/en\/wp-json\/wp\/v2\/media\/104942"}],"wp:attachment":[{"href":"https:\/\/automatic.ee\/en\/wp-json\/wp\/v2\/media?parent=104945"}],"wp:term":[{"taxonomy":"product_brand","embeddable":true,"href":"https:\/\/automatic.ee\/en\/wp-json\/wp\/v2\/product_brand?post=104945"},{"taxonomy":"product_cat","embeddable":true,"href":"https:\/\/automatic.ee\/en\/wp-json\/wp\/v2\/product_cat?post=104945"},{"taxonomy":"product_tag","embeddable":true,"href":"https:\/\/automatic.ee\/en\/wp-json\/wp\/v2\/product_tag?post=104945"}],"curies":[{"name":"wp","href":"https:\/\/api.w.org\/{rel}","templated":true}]}}