{"id":104661,"date":"2025-11-04T03:33:33","date_gmt":"2025-11-04T01:33:33","guid":{"rendered":"https:\/\/automatic.ee\/toode\/eelsuutekuunalde-padrunite-komplekt-3-8-8-9-10-12-14-16-mm-energy-tools\/"},"modified":"2025-11-04T03:33:33","modified_gmt":"2025-11-04T01:33:33","slug":"eelsuutekuunalde-padrunite-komplekt-3-8-8-9-10-12-14-16-mm-energy-tools","status":"publish","type":"product","link":"https:\/\/automatic.ee\/en\/toode\/eelsuutekuunalde-padrunite-komplekt-3-8-8-9-10-12-14-16-mm-energy-tools\/","title":{"rendered":"EELS\u00dc\u00dcTEK\u00dc\u00dcNALDE PADRUNITE KOMPLEKT 3\/8 8.9.10.12.14.16 mm. &#8211; ENERGY TOOLS"},"content":{"rendered":"","protected":false},"excerpt":{"rendered":"<p>NE00398<\/p>\n","protected":false},"featured_media":104658,"comment_status":"open","ping_status":"closed","template":"","meta":{"colormag_page_container_layout":"default_layout","colormag_page_sidebar_layout":"default_layout"},"product_brand":[],"product_cat":[156,116,170,142],"product_tag":[],"class_list":{"0":"post-104661","1":"product","2":"type-product","3":"status-publish","4":"has-post-thumbnail","6":"product_cat-3-8-tooriistad-komplektid","7":"product_cat-kasitooriist","8":"product_cat-padrunvotmed","9":"product_cat-tooriistad","11":"first","12":"instock","13":"shipping-taxable","14":"purchasable","15":"product-type-simple"},"_links":{"self":[{"href":"https:\/\/automatic.ee\/en\/wp-json\/wp\/v2\/product\/104661","targetHints":{"allow":["GET"]}}],"collection":[{"href":"https:\/\/automatic.ee\/en\/wp-json\/wp\/v2\/product"}],"about":[{"href":"https:\/\/automatic.ee\/en\/wp-json\/wp\/v2\/types\/product"}],"replies":[{"embeddable":true,"href":"https:\/\/automatic.ee\/en\/wp-json\/wp\/v2\/comments?post=104661"}],"wp:featuredmedia":[{"embeddable":true,"href":"https:\/\/automatic.ee\/en\/wp-json\/wp\/v2\/media\/104658"}],"wp:attachment":[{"href":"https:\/\/automatic.ee\/en\/wp-json\/wp\/v2\/media?parent=104661"}],"wp:term":[{"taxonomy":"product_brand","embeddable":true,"href":"https:\/\/automatic.ee\/en\/wp-json\/wp\/v2\/product_brand?post=104661"},{"taxonomy":"product_cat","embeddable":true,"href":"https:\/\/automatic.ee\/en\/wp-json\/wp\/v2\/product_cat?post=104661"},{"taxonomy":"product_tag","embeddable":true,"href":"https:\/\/automatic.ee\/en\/wp-json\/wp\/v2\/product_tag?post=104661"}],"curies":[{"name":"wp","href":"https:\/\/api.w.org\/{rel}","templated":true}]}}