{"id":104613,"date":"2025-11-04T03:32:54","date_gmt":"2025-11-04T01:32:54","guid":{"rendered":"https:\/\/automatic.ee\/toode\/seeker-ultima-30\/"},"modified":"2025-11-04T03:32:54","modified_gmt":"2025-11-04T01:32:54","slug":"seeker-ultima-30","status":"publish","type":"product","link":"https:\/\/automatic.ee\/en\/toode\/seeker-ultima-30\/","title":{"rendered":"SEEKER\u00ae Ultima 30"},"content":{"rendered":"<p>SEEKER\u00ae Ultima 20 on uus raamita madala profiiliga paneelkaugtuli. 30 Philips high-power LED-i tagavad pika ja laia valgusvihu. T\u00e4nu v\u00e4iksele suurusele, mahub  pea igale autole. Raamita Sabic pol\u00fckarbonaatklaas on disainitud vastu pidama k\u00f5rgele temperatuurile ja p\u00f5rutustele. Raamita disain aitab ka ennetada j\u00e4\u00e4tumist P\u00f5hjamaistes tingimustes. Ultimal on pikk eelpaigaldatud DTP pistikutega paigaldusjuhe (2.2m). Lihtne paigaldada<\/p>\n","protected":false},"excerpt":{"rendered":"<p>NS2060<\/p>\n","protected":false},"featured_media":104610,"comment_status":"open","ping_status":"closed","template":"","meta":{"colormag_page_container_layout":"default_layout","colormag_page_sidebar_layout":"default_layout"},"product_brand":[],"product_cat":[119],"product_tag":[],"class_list":{"0":"post-104613","1":"product","2":"type-product","3":"status-publish","4":"has-post-thumbnail","6":"product_cat-lisatuled-led","8":"first","9":"instock","10":"shipping-taxable","11":"purchasable","12":"product-type-simple"},"_links":{"self":[{"href":"https:\/\/automatic.ee\/en\/wp-json\/wp\/v2\/product\/104613","targetHints":{"allow":["GET"]}}],"collection":[{"href":"https:\/\/automatic.ee\/en\/wp-json\/wp\/v2\/product"}],"about":[{"href":"https:\/\/automatic.ee\/en\/wp-json\/wp\/v2\/types\/product"}],"replies":[{"embeddable":true,"href":"https:\/\/automatic.ee\/en\/wp-json\/wp\/v2\/comments?post=104613"}],"wp:featuredmedia":[{"embeddable":true,"href":"https:\/\/automatic.ee\/en\/wp-json\/wp\/v2\/media\/104610"}],"wp:attachment":[{"href":"https:\/\/automatic.ee\/en\/wp-json\/wp\/v2\/media?parent=104613"}],"wp:term":[{"taxonomy":"product_brand","embeddable":true,"href":"https:\/\/automatic.ee\/en\/wp-json\/wp\/v2\/product_brand?post=104613"},{"taxonomy":"product_cat","embeddable":true,"href":"https:\/\/automatic.ee\/en\/wp-json\/wp\/v2\/product_cat?post=104613"},{"taxonomy":"product_tag","embeddable":true,"href":"https:\/\/automatic.ee\/en\/wp-json\/wp\/v2\/product_tag?post=104613"}],"curies":[{"name":"wp","href":"https:\/\/api.w.org\/{rel}","templated":true}]}}