{"id":104561,"date":"2025-11-04T03:32:01","date_gmt":"2025-11-04T01:32:01","guid":{"rendered":"https:\/\/automatic.ee\/toode\/kaivitusabi-akupank-12v-150a-500a-6000ma-h-osram\/"},"modified":"2025-11-04T03:32:01","modified_gmt":"2025-11-04T01:32:01","slug":"kaivitusabi-akupank-12v-150a-500a-6000ma-h-osram","status":"publish","type":"product","link":"https:\/\/automatic.ee\/en\/toode\/kaivitusabi-akupank-12v-150a-500a-6000ma-h-osram\/","title":{"rendered":"K\u00e4ivitusabi-akupank 12v 150a (500a) 6000ma h OSRAM"},"content":{"rendered":"<h4>OSRAM Akustarter BATTERYstart 200 OBSL200<\/h4>\n<p>Booster mudel: OBSL200,, aku t\u00fc\u00fcp: LiCoO2, pinge: 12V, k\u00e4ivitusvool: 150A, aku k\u00e4ivitusvool A: 500A, auto taga oleva ala valgustusega<\/p>\n<table class=\"attr_param_desc ecwid-description-table\">\n<tbody>\n<tr>\n<td>Kasutustemperatuur alates<\/td>\n<td>\u221220\u00b0C<\/td>\n<\/tr>\n<tr>\n<td>Kasutustemperatuur kuni<\/td>\n<td>40\u00b0C<\/td>\n<\/tr>\n<tr>\n<td>V\u00f5rgupinge (AC)<\/td>\n<td>12 VV<\/td>\n<\/tr>\n<tr>\n<td>K\u00e4ivitusvool (12V)<\/td>\n<td>150A<\/td>\n<\/tr>\n<tr>\n<td>L\u00f6\u00f6kvool (12V)<\/td>\n<td>500A<\/td>\n<\/tr>\n<tr>\n<td>Aku-maht (t\u00e4islaadimine)<\/td>\n<td>6Ah<\/td>\n<\/tr>\n<tr>\n<td>Aku<\/td>\n<td>Liitiumkoobaltoksiid (LiCoO2)<\/td>\n<\/tr>\n<tr>\n<td>Laadimisaeg<\/td>\n<td>2T.<\/td>\n<\/tr>\n<tr>\n<td>N\u00e4idik<\/td>\n<td>taustvalgustusega<\/td>\n<\/tr>\n<tr>\n<td>L\u00fchisekaitse<\/td>\n<td>jah<\/td>\n<\/tr>\n<tr>\n<td>\u00dclekuumenemise kaitse<\/td>\n<td>jah<\/td>\n<\/tr>\n<tr>\n<td>Valepolaarsuse kaitse<\/td>\n<td>jah<\/td>\n<\/tr>\n<\/tbody>\n<\/table>\n","protected":false},"excerpt":{"rendered":"<p>OBSL200<\/p>\n","protected":false},"featured_media":104558,"comment_status":"open","ping_status":"closed","template":"","meta":{"colormag_page_container_layout":"default_layout","colormag_page_sidebar_layout":"default_layout"},"product_brand":[],"product_cat":[159],"product_tag":[],"class_list":{"0":"post-104561","1":"product","2":"type-product","3":"status-publish","4":"has-post-thumbnail","6":"product_cat-kaivitusabi","8":"first","9":"instock","10":"shipping-taxable","11":"purchasable","12":"product-type-simple"},"_links":{"self":[{"href":"https:\/\/automatic.ee\/en\/wp-json\/wp\/v2\/product\/104561","targetHints":{"allow":["GET"]}}],"collection":[{"href":"https:\/\/automatic.ee\/en\/wp-json\/wp\/v2\/product"}],"about":[{"href":"https:\/\/automatic.ee\/en\/wp-json\/wp\/v2\/types\/product"}],"replies":[{"embeddable":true,"href":"https:\/\/automatic.ee\/en\/wp-json\/wp\/v2\/comments?post=104561"}],"wp:featuredmedia":[{"embeddable":true,"href":"https:\/\/automatic.ee\/en\/wp-json\/wp\/v2\/media\/104558"}],"wp:attachment":[{"href":"https:\/\/automatic.ee\/en\/wp-json\/wp\/v2\/media?parent=104561"}],"wp:term":[{"taxonomy":"product_brand","embeddable":true,"href":"https:\/\/automatic.ee\/en\/wp-json\/wp\/v2\/product_brand?post=104561"},{"taxonomy":"product_cat","embeddable":true,"href":"https:\/\/automatic.ee\/en\/wp-json\/wp\/v2\/product_cat?post=104561"},{"taxonomy":"product_tag","embeddable":true,"href":"https:\/\/automatic.ee\/en\/wp-json\/wp\/v2\/product_tag?post=104561"}],"curies":[{"name":"wp","href":"https:\/\/api.w.org\/{rel}","templated":true}]}}