{"id":104549,"date":"2025-11-04T03:31:48","date_gmt":"2025-11-04T01:31:48","guid":{"rendered":"https:\/\/automatic.ee\/toode\/inverter-12v-150w-230v-usb-osram\/"},"modified":"2025-11-04T03:31:48","modified_gmt":"2025-11-04T01:31:48","slug":"inverter-12v-150w-230v-usb-osram","status":"publish","type":"product","link":"https:\/\/automatic.ee\/en\/toode\/inverter-12v-150w-230v-usb-osram\/","title":{"rendered":"INVERTER 12V 150W 230V USB OSRAM"},"content":{"rendered":"<p>Osram POWER invert 150W OEINVU150 12V\/230V DC<\/p>\n<p>Kompaktne 150 W inverter liikvel olles<\/p>\n<p>OSRAM POWERinvert modifitseeritud siinuslaine inverter 12V DC 150W on kompaktne lahendus 12V alalisvoolu muundamiseks 230V vahelduvvooluks, tarnides vooluv\u00f5rku otse teie autost. See inverter sobib ideaalselt \u00e4ri-, maantee- ja puhkusereiside jaoks ning toetab kuni 150 W seadmeid, nagu digikaamerad ja s\u00fclearvutid. Sellel on suure v\u00f5imsusega 2,1 A USB-pesa, mis sobib ideaalselt nutitelefonide ja tahvelarvutite laadimiseks. Lihtne kasutada, lihtsalt \u00fchendage see oma s\u00f5iduki 12 V alalisvoolu pistikupessa. Selle kompaktne ja kerge disain tagab mugava hoiustamise ja kaasaskantavuse.<\/p>\n<p>Tehnilised andmed:<\/p>\n<p>USB pesad 2.1A \u2013 jah<\/p>\n<p>Elektrilised andmed:<\/p>\n<p>Pidev v\u00f5imsus (kuni 12 tundi) &#8211; 150 W<\/p>\n<p>Tippv\u00f5imsus (kuni 200 ms) &#8211; 300 W<\/p>\n<p>V\u00e4ljundpinge &#8211; 230v ac +\/- 10%<\/p>\n<p>Sisendpinge vahemik &#8211; 10-15,5V<\/p>\n<p>F\u00fc\u00fcsilised omadused ja m\u00f5\u00f5tmed:<\/p>\n<p>K\u00f5rgus &#8211; 52,0 mm<\/p>\n<p>Pikkus &#8211; 139,0 mm<\/p>\n<p>Laius &#8211; 103,0mm<\/p>\n","protected":false},"excerpt":{"rendered":"<p>OEINVU150<\/p>\n","protected":false},"featured_media":104546,"comment_status":"open","ping_status":"closed","template":"","meta":{"colormag_page_container_layout":"default_layout","colormag_page_sidebar_layout":"default_layout"},"product_brand":[],"product_cat":[161],"product_tag":[],"class_list":{"0":"post-104549","1":"product","2":"type-product","3":"status-publish","4":"has-post-thumbnail","6":"product_cat-akulaadija","8":"first","9":"instock","10":"shipping-taxable","11":"purchasable","12":"product-type-simple"},"_links":{"self":[{"href":"https:\/\/automatic.ee\/en\/wp-json\/wp\/v2\/product\/104549","targetHints":{"allow":["GET"]}}],"collection":[{"href":"https:\/\/automatic.ee\/en\/wp-json\/wp\/v2\/product"}],"about":[{"href":"https:\/\/automatic.ee\/en\/wp-json\/wp\/v2\/types\/product"}],"replies":[{"embeddable":true,"href":"https:\/\/automatic.ee\/en\/wp-json\/wp\/v2\/comments?post=104549"}],"wp:featuredmedia":[{"embeddable":true,"href":"https:\/\/automatic.ee\/en\/wp-json\/wp\/v2\/media\/104546"}],"wp:attachment":[{"href":"https:\/\/automatic.ee\/en\/wp-json\/wp\/v2\/media?parent=104549"}],"wp:term":[{"taxonomy":"product_brand","embeddable":true,"href":"https:\/\/automatic.ee\/en\/wp-json\/wp\/v2\/product_brand?post=104549"},{"taxonomy":"product_cat","embeddable":true,"href":"https:\/\/automatic.ee\/en\/wp-json\/wp\/v2\/product_cat?post=104549"},{"taxonomy":"product_tag","embeddable":true,"href":"https:\/\/automatic.ee\/en\/wp-json\/wp\/v2\/product_tag?post=104549"}],"curies":[{"name":"wp","href":"https:\/\/api.w.org\/{rel}","templated":true}]}}