{"id":104545,"date":"2025-11-04T03:31:43","date_gmt":"2025-11-04T01:31:43","guid":{"rendered":"https:\/\/automatic.ee\/toode\/power-inverter-500w-osram\/"},"modified":"2025-11-04T03:31:43","modified_gmt":"2025-11-04T01:31:43","slug":"power-inverter-500w-osram","status":"publish","type":"product","link":"https:\/\/automatic.ee\/en\/toode\/power-inverter-500w-osram\/","title":{"rendered":"POWER INVERTER 500W OSRAM"},"content":{"rendered":"<p>Osram POWER invert 500W OEINVU500 12V\/230V DC<\/p>\n<p>Kompaktne 500 W inverter liikvel olles<\/p>\n<p>OSRAM POWERinvert modifitseeritud siinuslaine muundur 12V DC 500W on kompaktne lahendus 12V alalisvoolu muundamiseks 230V vahelduvvooluks, tarnides vooluv\u00f5rku otse teie autost. See inverter sobib ideaalselt \u00e4ri-, maantee- ja puhkusereisideks ning toetab kuni 500 W seadmeid, nagu k\u00fclmikud, trellid ja arvutid. Sellel on suure v\u00f5imsusega 2,1 A USB-pesa, mis sobib ideaalselt nutitelefonide ja tahvelarvutite laadimiseks. Lihtne kasutada, \u00fchendage lihtsalt kaasasolevate klambritega akuga. Selle kompaktne ja kerge disain tagab mugava hoiustamise ja kaasaskantavuse.<\/p>\n<p>Tehnilised andmed:<\/p>\n<p>USB pesad 2.1A \u2013 jah<\/p>\n<p>Elektrilised andmed:<\/p>\n<p>Pidev v\u00f5imsus (kuni 12 tundi) &#8211; 500 W<\/p>\n<p>Maksimaalne v\u00f5imsus (kuni 200 ms) &#8211; 1000 W<\/p>\n<p>V\u00e4ljundpinge &#8211; 230v ac +\/- 10%<\/p>\n<p>Sisendpinge vahemik &#8211; 10-15,5V<\/p>\n<p>F\u00fc\u00fcsilised omadused ja m\u00f5\u00f5tmed:<\/p>\n<p>K\u00f5rgus &#8211; 57,0 mm<\/p>\n<p>Pikkus &#8211; 214,0mm<\/p>\n<p>Laius &#8211; 132,0 mm<\/p>\n","protected":false},"excerpt":{"rendered":"<p>OEINVU500<\/p>\n","protected":false},"featured_media":104542,"comment_status":"open","ping_status":"closed","template":"","meta":{"colormag_page_container_layout":"default_layout","colormag_page_sidebar_layout":"default_layout"},"product_brand":[],"product_cat":[161],"product_tag":[],"class_list":{"0":"post-104545","1":"product","2":"type-product","3":"status-publish","4":"has-post-thumbnail","6":"product_cat-akulaadija","8":"first","9":"instock","10":"shipping-taxable","11":"purchasable","12":"product-type-simple"},"_links":{"self":[{"href":"https:\/\/automatic.ee\/en\/wp-json\/wp\/v2\/product\/104545","targetHints":{"allow":["GET"]}}],"collection":[{"href":"https:\/\/automatic.ee\/en\/wp-json\/wp\/v2\/product"}],"about":[{"href":"https:\/\/automatic.ee\/en\/wp-json\/wp\/v2\/types\/product"}],"replies":[{"embeddable":true,"href":"https:\/\/automatic.ee\/en\/wp-json\/wp\/v2\/comments?post=104545"}],"wp:featuredmedia":[{"embeddable":true,"href":"https:\/\/automatic.ee\/en\/wp-json\/wp\/v2\/media\/104542"}],"wp:attachment":[{"href":"https:\/\/automatic.ee\/en\/wp-json\/wp\/v2\/media?parent=104545"}],"wp:term":[{"taxonomy":"product_brand","embeddable":true,"href":"https:\/\/automatic.ee\/en\/wp-json\/wp\/v2\/product_brand?post=104545"},{"taxonomy":"product_cat","embeddable":true,"href":"https:\/\/automatic.ee\/en\/wp-json\/wp\/v2\/product_cat?post=104545"},{"taxonomy":"product_tag","embeddable":true,"href":"https:\/\/automatic.ee\/en\/wp-json\/wp\/v2\/product_tag?post=104545"}],"curies":[{"name":"wp","href":"https:\/\/api.w.org\/{rel}","templated":true}]}}