{"id":104485,"date":"2025-11-04T03:30:34","date_gmt":"2025-11-04T01:30:34","guid":{"rendered":"https:\/\/automatic.ee\/toode\/aku-laadimine-solar-20w-osram\/"},"modified":"2025-11-04T03:30:34","modified_gmt":"2025-11-04T01:30:34","slug":"aku-laadimine-solar-20w-osram","status":"publish","type":"product","link":"https:\/\/automatic.ee\/en\/toode\/aku-laadimine-solar-20w-osram\/","title":{"rendered":"AKU laadimine SOLAR 20W OSRAM"},"content":{"rendered":"<p>Osrami AKU laadimine SOLAR 20W OSP2000<\/p>\n<p>OSP2000 on p\u00e4ikeseenergial t\u00f6\u00f6tav aku hooldaja 12 V s\u00f5idukitele \u2013 madala s\u00fcsinikusisaldusega ja keskkonnas\u00f5bralikum viis s\u00f5iduki aku hooldamiseks, kui seda ei kasutata. Ideaalne hooajaliselt kasutatavatele s\u00f5idukitele, nagu haagissuvilad, klassikalised autod ja mootorrattad.<\/p>\n<p>Tarnitakse alalisvoolu pistiku ja akuklambritega, t\u00f6\u00f6tab pilves ja on IP 65 veekindel. Vastupidise polaarsuse kaitse hoiab \u00e4ra kahju, kui klambrid on \u00fchendatud valede aku poolustega.<\/p>\n<p>Tehnilised andmed:<\/p>\n<p>Rakendus (kategooria ja tootep\u00f5hine) \u2013 p\u00e4ikesepatareide hooldaja<\/p>\n<p>Elektrilised andmed:<\/p>\n<p>Hooldustasu (kuni) &#8211; 1,11A<\/p>\n<p>F\u00fc\u00fcsilised omadused ja m\u00f5\u00f5tmed:<\/p>\n<p>K\u00f5rgus &#8211; 410 mm<\/p>\n<p>Laius &#8211; 18,0 mm<\/p>\n<p>Pikkus &#8211; 351 mm<\/p>\n<p>Toote lisaandmed:<\/p>\n<p>Soovitatav kasutada koos &#8211; mootorratta, auto, maasturi, kaubiku, v\u00e4ikeveoautoga<\/p>\n<p>Aku \u00fchendus \u2013 aku \u00fchendusklambrid, 12 V alalisvoolu pistik<\/p>\n","protected":false},"excerpt":{"rendered":"<p>OSP2000<\/p>\n","protected":false},"featured_media":104482,"comment_status":"open","ping_status":"closed","template":"","meta":{"colormag_page_container_layout":"default_layout","colormag_page_sidebar_layout":"default_layout"},"product_brand":[],"product_cat":[161],"product_tag":[],"class_list":{"0":"post-104485","1":"product","2":"type-product","3":"status-publish","4":"has-post-thumbnail","6":"product_cat-akulaadija","8":"first","9":"instock","10":"shipping-taxable","11":"purchasable","12":"product-type-simple"},"_links":{"self":[{"href":"https:\/\/automatic.ee\/en\/wp-json\/wp\/v2\/product\/104485","targetHints":{"allow":["GET"]}}],"collection":[{"href":"https:\/\/automatic.ee\/en\/wp-json\/wp\/v2\/product"}],"about":[{"href":"https:\/\/automatic.ee\/en\/wp-json\/wp\/v2\/types\/product"}],"replies":[{"embeddable":true,"href":"https:\/\/automatic.ee\/en\/wp-json\/wp\/v2\/comments?post=104485"}],"wp:featuredmedia":[{"embeddable":true,"href":"https:\/\/automatic.ee\/en\/wp-json\/wp\/v2\/media\/104482"}],"wp:attachment":[{"href":"https:\/\/automatic.ee\/en\/wp-json\/wp\/v2\/media?parent=104485"}],"wp:term":[{"taxonomy":"product_brand","embeddable":true,"href":"https:\/\/automatic.ee\/en\/wp-json\/wp\/v2\/product_brand?post=104485"},{"taxonomy":"product_cat","embeddable":true,"href":"https:\/\/automatic.ee\/en\/wp-json\/wp\/v2\/product_cat?post=104485"},{"taxonomy":"product_tag","embeddable":true,"href":"https:\/\/automatic.ee\/en\/wp-json\/wp\/v2\/product_tag?post=104485"}],"curies":[{"name":"wp","href":"https:\/\/api.w.org\/{rel}","templated":true}]}}