{"id":104477,"date":"2025-11-04T03:30:25","date_gmt":"2025-11-04T01:30:25","guid":{"rendered":"https:\/\/automatic.ee\/toode\/kaabel-pikesepaneeliga-akulaadijale-osram\/"},"modified":"2025-11-04T03:30:25","modified_gmt":"2025-11-04T01:30:25","slug":"kaabel-pikesepaneeliga-akulaadijale-osram","status":"publish","type":"product","link":"https:\/\/automatic.ee\/en\/toode\/kaabel-pikesepaneeliga-akulaadijale-osram\/","title":{"rendered":"KAABEL PIKESEPANEELIGA AKULAADIJALE OSRAM"},"content":{"rendered":"<h4>kaabel p\u00e4iksepaneeliga akulaadijatele<\/h4>\n<p>P\u00e4ikesepatareide hooldus s\u00f5idukitele<\/p>\n<p>Kaasaegsetel s\u00f5idukitel on v\u00e4ike, kuid pidev aku t\u00fchjenemine. Need on t\u00e4is elektris\u00fcsteeme, mis t\u00f6\u00f6tavad pidevalt ka siis, kui s\u00fc\u00fcde ei t\u00f6\u00f6ta. Alarmid, immobilisaatorid ja lukuseire on n\u00e4ited taustal t\u00f6\u00f6tavatest s\u00fcsteemidest, mis v\u00f5ivad p\u00f5hjustada aku t\u00fchjenemise isegi siis, kui s\u00f5idukit ei kasutata. OSPOBD \u00fchildub OSRAMi p\u00e4ikesepatareide OSP500, OSP1000 ja OSP2000 p\u00e4ikesepatareide hooldajatega, et v\u00f5imaldada \u00fchendust s\u00f5iduki OBDII pordi kaudu, et \u00fchendus oleks t\u00f5husam, mitte 12 V pistikupesa kaudu. See tagab p\u00fcsiva sissel\u00fclitatud lingi p\u00e4ikesepaneeli ja teie aku vahel.<\/p>\n<p>Tooteteave<\/p>\n<p>Rakendus (kategooria ja tootep\u00f5hine) P\u00e4ikesepatarei hoolduskaabel<\/p>\n<p>Globaalne tellimuse viide OSPOBD<\/p>\n<p>Laius 48,0 mm<\/p>\n<p>K\u00f5rgus 20,0 mm<\/p>\n<p>Pikkus 2000 mm<\/p>\n<p>Toitekaabli pikkus 2,0 m<\/p>\n<p>Soovitatav kasutada koos Mootorratas, s\u00f5iduauto, maastur, kaubik, v\u00e4ike veoauto<\/p>\n<p>Aku \u00fchendus OBD pistik<\/p>\n","protected":false},"excerpt":{"rendered":"<p>OSPOBD<\/p>\n","protected":false},"featured_media":104474,"comment_status":"open","ping_status":"closed","template":"","meta":{"colormag_page_container_layout":"default_layout","colormag_page_sidebar_layout":"default_layout"},"product_brand":[],"product_cat":[161],"product_tag":[],"class_list":{"0":"post-104477","1":"product","2":"type-product","3":"status-publish","4":"has-post-thumbnail","6":"product_cat-akulaadija","8":"first","9":"instock","10":"shipping-taxable","11":"purchasable","12":"product-type-simple"},"_links":{"self":[{"href":"https:\/\/automatic.ee\/en\/wp-json\/wp\/v2\/product\/104477","targetHints":{"allow":["GET"]}}],"collection":[{"href":"https:\/\/automatic.ee\/en\/wp-json\/wp\/v2\/product"}],"about":[{"href":"https:\/\/automatic.ee\/en\/wp-json\/wp\/v2\/types\/product"}],"replies":[{"embeddable":true,"href":"https:\/\/automatic.ee\/en\/wp-json\/wp\/v2\/comments?post=104477"}],"wp:featuredmedia":[{"embeddable":true,"href":"https:\/\/automatic.ee\/en\/wp-json\/wp\/v2\/media\/104474"}],"wp:attachment":[{"href":"https:\/\/automatic.ee\/en\/wp-json\/wp\/v2\/media?parent=104477"}],"wp:term":[{"taxonomy":"product_brand","embeddable":true,"href":"https:\/\/automatic.ee\/en\/wp-json\/wp\/v2\/product_brand?post=104477"},{"taxonomy":"product_cat","embeddable":true,"href":"https:\/\/automatic.ee\/en\/wp-json\/wp\/v2\/product_cat?post=104477"},{"taxonomy":"product_tag","embeddable":true,"href":"https:\/\/automatic.ee\/en\/wp-json\/wp\/v2\/product_tag?post=104477"}],"curies":[{"name":"wp","href":"https:\/\/api.w.org\/{rel}","templated":true}]}}