{"id":104461,"date":"2025-11-04T03:30:10","date_gmt":"2025-11-04T01:30:10","guid":{"rendered":"https:\/\/automatic.ee\/toode\/rehvide-suruohukontrollseade-pustol-osram\/"},"modified":"2025-11-04T03:30:10","modified_gmt":"2025-11-04T01:30:10","slug":"rehvide-suruohukontrollseade-pustol-osram","status":"publish","type":"product","link":"https:\/\/automatic.ee\/en\/toode\/rehvide-suruohukontrollseade-pustol-osram\/","title":{"rendered":"Rehvide suruohukontrollseade\/ &#8211; pustol OSRAM"},"content":{"rendered":"<h4>Rehvide suru\u00f5hukontrollseade\/ -p\u00fcstol TYREinflate 450 OTI450<\/h4>\n<table class=\"attr_param_desc ecwid-description-table\">\n<tbody>\n<tr>\n<td>Kaal<\/td>\n<td>0, 684kg<\/td>\n<\/tr>\n<tr>\n<td>K\u00f5rgus<\/td>\n<td>219mm<\/td>\n<\/tr>\n<tr>\n<td>Pikkus<\/td>\n<td>200mm<\/td>\n<\/tr>\n<tr>\n<td>N\u00e4idik<\/td>\n<td>digitaalse n\u00e4idikuga<\/td>\n<\/tr>\n<tr>\n<td>V\u00f5rgupinge (AC)<\/td>\n<td>12 VV<\/td>\n<\/tr>\n<tr>\n<td>Rehvit\u00e4itja t\u00fc\u00fcp<\/td>\n<td>mobiilne, voolik\u00fchendusega suru\u00f5hujaamaga<\/td>\n<\/tr>\n<tr>\n<td>Laius<\/td>\n<td>88mm<\/td>\n<\/tr>\n<tr>\n<td>N\u00e4idut\u00e4psus<\/td>\n<td>0, 1bar<\/td>\n<\/tr>\n<tr>\n<td>Kasutusr\u00f5hk kuni<\/td>\n<td>6, 9bar<\/td>\n<\/tr>\n<\/tbody>\n<\/table>\n","protected":false},"excerpt":{"rendered":"<p>OTI450<\/p>\n","protected":false},"featured_media":104458,"comment_status":"open","ping_status":"closed","template":"","meta":{"colormag_page_container_layout":"default_layout","colormag_page_sidebar_layout":"default_layout"},"product_brand":[],"product_cat":[132],"product_tag":[],"class_list":{"0":"post-104461","1":"product","2":"type-product","3":"status-publish","4":"has-post-thumbnail","6":"product_cat-elektroonika","8":"first","9":"instock","10":"shipping-taxable","11":"purchasable","12":"product-type-simple"},"_links":{"self":[{"href":"https:\/\/automatic.ee\/en\/wp-json\/wp\/v2\/product\/104461","targetHints":{"allow":["GET"]}}],"collection":[{"href":"https:\/\/automatic.ee\/en\/wp-json\/wp\/v2\/product"}],"about":[{"href":"https:\/\/automatic.ee\/en\/wp-json\/wp\/v2\/types\/product"}],"replies":[{"embeddable":true,"href":"https:\/\/automatic.ee\/en\/wp-json\/wp\/v2\/comments?post=104461"}],"wp:featuredmedia":[{"embeddable":true,"href":"https:\/\/automatic.ee\/en\/wp-json\/wp\/v2\/media\/104458"}],"wp:attachment":[{"href":"https:\/\/automatic.ee\/en\/wp-json\/wp\/v2\/media?parent=104461"}],"wp:term":[{"taxonomy":"product_brand","embeddable":true,"href":"https:\/\/automatic.ee\/en\/wp-json\/wp\/v2\/product_brand?post=104461"},{"taxonomy":"product_cat","embeddable":true,"href":"https:\/\/automatic.ee\/en\/wp-json\/wp\/v2\/product_cat?post=104461"},{"taxonomy":"product_tag","embeddable":true,"href":"https:\/\/automatic.ee\/en\/wp-json\/wp\/v2\/product_tag?post=104461"}],"curies":[{"name":"wp","href":"https:\/\/api.w.org\/{rel}","templated":true}]}}