{"id":104433,"date":"2025-11-04T03:29:49","date_gmt":"2025-11-04T01:29:49","guid":{"rendered":"https:\/\/automatic.ee\/toode\/diesel-system-cleaner-375-ml-pro-tec\/"},"modified":"2025-11-04T03:29:49","modified_gmt":"2025-11-04T01:29:49","slug":"diesel-system-cleaner-375-ml-pro-tec","status":"publish","type":"product","link":"https:\/\/automatic.ee\/en\/toode\/diesel-system-cleaner-375-ml-pro-tec\/","title":{"rendered":"DIESEL SYSTEM CLEANER 375 ml PRO-TEC"},"content":{"rendered":"<p>Uus \u00fclit\u00f5hus diisels\u00fcsteemi puhastusvahend eemaldab usaldusv\u00e4\u00e4rselt s\u00f5iduki t\u00f6\u00f6tamise k\u00e4igus tekkinud saasteained kogu diislis\u00fcsteemi ulatuses, alates paagist kuni p\u00f5lemiskambriteni. T\u00f5rvad, kleepuvad ained pihustites ja k\u00fctuse sissepritse ladestused, koksij\u00e4\u00e4gid ja tahma ladestused silindri piirkonnas eemaldatakse j\u00e4\u00e4kideta. Puhastusvahend takistab k\u00fctuse oks\u00fcdeerumist ja mikroorganismide kasvu, m\u00e4\u00e4rib ja kaitseb kogu elektris\u00fcsteemi. K\u00fctuse pihustamine paraneb ja mootori v\u00f5imsus suureneb.<\/p>\n<p>Lisa auto k\u00fctusepaaki. K\u00fctuses\u00fcsteemi t\u00f5sise saastumise korral puhastage seda PRO-TEC Clear Flow abil<\/p>\n","protected":false},"excerpt":{"rendered":"<p>P1201<\/p>\n","protected":false},"featured_media":104430,"comment_status":"open","ping_status":"closed","template":"","meta":{"colormag_page_container_layout":"default_layout","colormag_page_sidebar_layout":"default_layout"},"product_brand":[],"product_cat":[128],"product_tag":[],"class_list":{"0":"post-104433","1":"product","2":"type-product","3":"status-publish","4":"has-post-thumbnail","6":"product_cat-autokeemia","8":"first","9":"instock","10":"shipping-taxable","11":"purchasable","12":"product-type-simple"},"_links":{"self":[{"href":"https:\/\/automatic.ee\/en\/wp-json\/wp\/v2\/product\/104433","targetHints":{"allow":["GET"]}}],"collection":[{"href":"https:\/\/automatic.ee\/en\/wp-json\/wp\/v2\/product"}],"about":[{"href":"https:\/\/automatic.ee\/en\/wp-json\/wp\/v2\/types\/product"}],"replies":[{"embeddable":true,"href":"https:\/\/automatic.ee\/en\/wp-json\/wp\/v2\/comments?post=104433"}],"wp:featuredmedia":[{"embeddable":true,"href":"https:\/\/automatic.ee\/en\/wp-json\/wp\/v2\/media\/104430"}],"wp:attachment":[{"href":"https:\/\/automatic.ee\/en\/wp-json\/wp\/v2\/media?parent=104433"}],"wp:term":[{"taxonomy":"product_brand","embeddable":true,"href":"https:\/\/automatic.ee\/en\/wp-json\/wp\/v2\/product_brand?post=104433"},{"taxonomy":"product_cat","embeddable":true,"href":"https:\/\/automatic.ee\/en\/wp-json\/wp\/v2\/product_cat?post=104433"},{"taxonomy":"product_tag","embeddable":true,"href":"https:\/\/automatic.ee\/en\/wp-json\/wp\/v2\/product_tag?post=104433"}],"curies":[{"name":"wp","href":"https:\/\/api.w.org\/{rel}","templated":true}]}}