{"id":104417,"date":"2025-11-04T03:29:37","date_gmt":"2025-11-04T01:29:37","guid":{"rendered":"https:\/\/automatic.ee\/toode\/radiator-conditioner-375ml-pro-tec\/"},"modified":"2025-11-04T03:29:37","modified_gmt":"2025-11-04T01:29:37","slug":"radiator-conditioner-375ml-pro-tec","status":"publish","type":"product","link":"https:\/\/automatic.ee\/en\/toode\/radiator-conditioner-375ml-pro-tec\/","title":{"rendered":"RADIATOR CONDITIONER 375ml PRO-TEC"},"content":{"rendered":"<p>PRO-TEC Radiator Conditioner kaitseb rooste ja korrosiooni eest, takistab elektrol\u00fc\u00fcsi ja kavitatsiooniprotsesse, m\u00e4\u00e4rib klappe, termostaate, veepumpasid ja soojusvahetiid, parandab jahutusvedeliku soojus\u00fclekande tingimusi, stabiliseerib pH taset ja hoiab \u00e4ra katlakivi ladestumise jahutuss\u00fcsteemis.<\/p>\n<p>Regulaarselt, iga tootja poolt etten\u00e4htud hoolduse ajal, lisage jahutuss\u00fcsteemi 50 ml 1 liitri jahutusvedeliku kohta. Kui PRO-TEC Radiator Conditionerit kasutatakse vastavalt ettekirjutustele, pole jahutusvedelikku vaja vahetada. \u00dchtlasi saavutatakse jahutuss\u00fcsteemi s\u00f5lmede oluliselt pikem kasutusiga ja t\u00f6\u00f6kindlus.<\/p>\n","protected":false},"excerpt":{"rendered":"<p>P1401<\/p>\n","protected":false},"featured_media":104414,"comment_status":"open","ping_status":"closed","template":"","meta":{"colormag_page_container_layout":"default_layout","colormag_page_sidebar_layout":"default_layout"},"product_brand":[],"product_cat":[128],"product_tag":[],"class_list":{"0":"post-104417","1":"product","2":"type-product","3":"status-publish","4":"has-post-thumbnail","6":"product_cat-autokeemia","8":"first","9":"instock","10":"shipping-taxable","11":"purchasable","12":"product-type-simple"},"_links":{"self":[{"href":"https:\/\/automatic.ee\/en\/wp-json\/wp\/v2\/product\/104417","targetHints":{"allow":["GET"]}}],"collection":[{"href":"https:\/\/automatic.ee\/en\/wp-json\/wp\/v2\/product"}],"about":[{"href":"https:\/\/automatic.ee\/en\/wp-json\/wp\/v2\/types\/product"}],"replies":[{"embeddable":true,"href":"https:\/\/automatic.ee\/en\/wp-json\/wp\/v2\/comments?post=104417"}],"wp:featuredmedia":[{"embeddable":true,"href":"https:\/\/automatic.ee\/en\/wp-json\/wp\/v2\/media\/104414"}],"wp:attachment":[{"href":"https:\/\/automatic.ee\/en\/wp-json\/wp\/v2\/media?parent=104417"}],"wp:term":[{"taxonomy":"product_brand","embeddable":true,"href":"https:\/\/automatic.ee\/en\/wp-json\/wp\/v2\/product_brand?post=104417"},{"taxonomy":"product_cat","embeddable":true,"href":"https:\/\/automatic.ee\/en\/wp-json\/wp\/v2\/product_cat?post=104417"},{"taxonomy":"product_tag","embeddable":true,"href":"https:\/\/automatic.ee\/en\/wp-json\/wp\/v2\/product_tag?post=104417"}],"curies":[{"name":"wp","href":"https:\/\/api.w.org\/{rel}","templated":true}]}}