{"id":104409,"date":"2025-11-04T03:29:29","date_gmt":"2025-11-04T01:29:29","guid":{"rendered":"https:\/\/automatic.ee\/toode\/radiator-stop-leak-375ml-pro-tec\/"},"modified":"2025-11-04T03:29:29","modified_gmt":"2025-11-04T01:29:29","slug":"radiator-stop-leak-375ml-pro-tec","status":"publish","type":"product","link":"https:\/\/automatic.ee\/en\/toode\/radiator-stop-leak-375ml-pro-tec\/","title":{"rendered":"RADIATOR STOP LEAK 375ml PRO-TEC"},"content":{"rendered":"<p>Tihendab ja tihendab usaldusv\u00e4\u00e4rselt jahutuss\u00fcsteemi radiaatorite, soojusvahetite, pumpade, k\u00fcttekraanide ja torude kahjustatud piirkondi. Suurendab s\u00f5iduki t\u00f6\u00f6kindlust ja pikendab komponentide kasutusiga. T\u00e4nu jahutuss\u00fcsteemi tihedusele v\u00e4heneb keskkonnasaaste. V\u00f5ib lisada k\u00f5igile levinud jahutusvedelikele.<\/p>\n<p>Lisage avatud k\u00fctteventiilidega jahutuss\u00fcsteemi Radiator Stop Leak. P\u00e4rast tihendamist reguleerige jahutusvedeliku kogust.<\/p>\n","protected":false},"excerpt":{"rendered":"<p>P1601<\/p>\n","protected":false},"featured_media":104406,"comment_status":"open","ping_status":"closed","template":"","meta":{"colormag_page_container_layout":"default_layout","colormag_page_sidebar_layout":"default_layout"},"product_brand":[],"product_cat":[128],"product_tag":[],"class_list":{"0":"post-104409","1":"product","2":"type-product","3":"status-publish","4":"has-post-thumbnail","6":"product_cat-autokeemia","8":"first","9":"instock","10":"shipping-taxable","11":"purchasable","12":"product-type-simple"},"_links":{"self":[{"href":"https:\/\/automatic.ee\/en\/wp-json\/wp\/v2\/product\/104409","targetHints":{"allow":["GET"]}}],"collection":[{"href":"https:\/\/automatic.ee\/en\/wp-json\/wp\/v2\/product"}],"about":[{"href":"https:\/\/automatic.ee\/en\/wp-json\/wp\/v2\/types\/product"}],"replies":[{"embeddable":true,"href":"https:\/\/automatic.ee\/en\/wp-json\/wp\/v2\/comments?post=104409"}],"wp:featuredmedia":[{"embeddable":true,"href":"https:\/\/automatic.ee\/en\/wp-json\/wp\/v2\/media\/104406"}],"wp:attachment":[{"href":"https:\/\/automatic.ee\/en\/wp-json\/wp\/v2\/media?parent=104409"}],"wp:term":[{"taxonomy":"product_brand","embeddable":true,"href":"https:\/\/automatic.ee\/en\/wp-json\/wp\/v2\/product_brand?post=104409"},{"taxonomy":"product_cat","embeddable":true,"href":"https:\/\/automatic.ee\/en\/wp-json\/wp\/v2\/product_cat?post=104409"},{"taxonomy":"product_tag","embeddable":true,"href":"https:\/\/automatic.ee\/en\/wp-json\/wp\/v2\/product_tag?post=104409"}],"curies":[{"name":"wp","href":"https:\/\/api.w.org\/{rel}","templated":true}]}}