{"id":104397,"date":"2025-11-04T03:29:16","date_gmt":"2025-11-04T01:29:16","guid":{"rendered":"https:\/\/automatic.ee\/toode\/petrol-system-cleaner-lpg-375ml-pro-tec\/"},"modified":"2025-11-04T03:29:16","modified_gmt":"2025-11-04T01:29:16","slug":"petrol-system-cleaner-lpg-375ml-pro-tec","status":"publish","type":"product","link":"https:\/\/automatic.ee\/en\/toode\/petrol-system-cleaner-lpg-375ml-pro-tec\/","title":{"rendered":"PETROL SYSTEM CLEANER LPG 375ml PRO-TEC"},"content":{"rendered":"<p>PRO-TEC Bensiinis\u00fcsteemi puhastaja LPG on \u00fclit\u00f5hus toode, mis on m\u00f5eldud veeldatud gaasil t\u00f6\u00f6tavatele s\u00f5idukimootoritele. Eemaldab s\u00f5iduki t\u00f6\u00f6 k\u00e4igus tekkinud saasteained kogu k\u00fctuses\u00fcsteemi ulatuses paagist p\u00f5lemiskambriteni. Lahustab t\u00f5rvaj\u00e4\u00e4gid ja liimij\u00e4\u00e4gid karburaatori ja pihustite piirkonnas (puhta efekt). Toode kaitseb p\u00f5lemiskambrit ja klappe korrosiooni eest, eemaldab koksi ja tahma ladestused kogu \u00fclemisest silindri piirkonnast ning eemaldab niiskuse ja kondensaadi kogu k\u00fctuses\u00fcsteemist. Bensiinis\u00fcsteemi puhastaja LPG-l on k\u00f5rged m\u00e4\u00e4rimis- ja kaitseomadused.<\/p>\n<p>enne tankimist lisage k\u00fctusepaaki regulaarselt iga 3-4 kuu tagant v\u00f5i iga 10 000 s\u00f5idukikm j\u00e4rel. Optimaalne tulemus saavutatakse samaaegsel kasutamisel koos tootega \u201cLPG System Clean &amp; Protect\u201d.<\/p>\n","protected":false},"excerpt":{"rendered":"<p>P1921<\/p>\n","protected":false},"featured_media":104394,"comment_status":"open","ping_status":"closed","template":"","meta":{"colormag_page_container_layout":"default_layout","colormag_page_sidebar_layout":"default_layout"},"product_brand":[],"product_cat":[128],"product_tag":[],"class_list":{"0":"post-104397","1":"product","2":"type-product","3":"status-publish","4":"has-post-thumbnail","6":"product_cat-autokeemia","8":"first","9":"instock","10":"shipping-taxable","11":"purchasable","12":"product-type-simple"},"_links":{"self":[{"href":"https:\/\/automatic.ee\/en\/wp-json\/wp\/v2\/product\/104397","targetHints":{"allow":["GET"]}}],"collection":[{"href":"https:\/\/automatic.ee\/en\/wp-json\/wp\/v2\/product"}],"about":[{"href":"https:\/\/automatic.ee\/en\/wp-json\/wp\/v2\/types\/product"}],"replies":[{"embeddable":true,"href":"https:\/\/automatic.ee\/en\/wp-json\/wp\/v2\/comments?post=104397"}],"wp:featuredmedia":[{"embeddable":true,"href":"https:\/\/automatic.ee\/en\/wp-json\/wp\/v2\/media\/104394"}],"wp:attachment":[{"href":"https:\/\/automatic.ee\/en\/wp-json\/wp\/v2\/media?parent=104397"}],"wp:term":[{"taxonomy":"product_brand","embeddable":true,"href":"https:\/\/automatic.ee\/en\/wp-json\/wp\/v2\/product_brand?post=104397"},{"taxonomy":"product_cat","embeddable":true,"href":"https:\/\/automatic.ee\/en\/wp-json\/wp\/v2\/product_cat?post=104397"},{"taxonomy":"product_tag","embeddable":true,"href":"https:\/\/automatic.ee\/en\/wp-json\/wp\/v2\/product_tag?post=104397"}],"curies":[{"name":"wp","href":"https:\/\/api.w.org\/{rel}","templated":true}]}}