{"id":104389,"date":"2025-11-04T03:29:08","date_gmt":"2025-11-04T01:29:08","guid":{"rendered":"https:\/\/automatic.ee\/toode\/e10-engine-protector-for-bio-ethanol-fuels-375ml-pro-tec\/"},"modified":"2025-11-04T03:29:08","modified_gmt":"2025-11-04T01:29:08","slug":"e10-engine-protector-for-bio-ethanol-fuels-375ml-pro-tec","status":"publish","type":"product","link":"https:\/\/automatic.ee\/en\/toode\/e10-engine-protector-for-bio-ethanol-fuels-375ml-pro-tec\/","title":{"rendered":"E10 ENGINE PROTECTOR FOR BIO ETHANOL FUELS 375ml PRO-TEC"},"content":{"rendered":"<p>Probleemid, mis tekivad bioetanoolk\u00fctusel t\u00f6\u00f6tava auto mootoris ja k\u00fctuses\u00fcsteemis:<\/p>\n<div>Kummist osade ja tihendite korrosioon ja isegi lagunemine<\/div>\n<div>Halvad m\u00e4\u00e4rimisomadused<\/div>\n<div>Kummilaadsete komponentide (pol\u00fcmeeride) sattumine p\u00f5lemiss\u00fcsteemist k\u00fctusesse<\/div>\n<div>Vastuv\u00f5tlik vee ja niiskuse imamisele (kondensatsioon)<\/div>\n<div>Lisage toodet iga 1500-2000 km (932-1242 miili) j\u00e4rel Doseerimine: ligikaudu 1:200 (375 ml toodet iga 80 liitri bioetanooli\/k\u00fctuse segu kohta)<\/div>\n<div>Me soovitame:<\/div>\n<p>E10 lisamisel k\u00fctuses\u00fcsteemi! K\u00fctusestabilisaator on soovitatav \u00f5lis\u00fcsteemi intensiivseks puhastamiseks, et eemaldada mootorist pol\u00fcmeerid ja muud saasteained. Samal ajal kasutage mootori loputamist igal \u00f5livahetusel.<\/p>\n","protected":false},"excerpt":{"rendered":"<p>P1951<\/p>\n","protected":false},"featured_media":104386,"comment_status":"open","ping_status":"closed","template":"","meta":{"colormag_page_container_layout":"default_layout","colormag_page_sidebar_layout":"default_layout"},"product_brand":[],"product_cat":[128],"product_tag":[],"class_list":{"0":"post-104389","1":"product","2":"type-product","3":"status-publish","4":"has-post-thumbnail","6":"product_cat-autokeemia","8":"first","9":"instock","10":"shipping-taxable","11":"purchasable","12":"product-type-simple"},"_links":{"self":[{"href":"https:\/\/automatic.ee\/en\/wp-json\/wp\/v2\/product\/104389","targetHints":{"allow":["GET"]}}],"collection":[{"href":"https:\/\/automatic.ee\/en\/wp-json\/wp\/v2\/product"}],"about":[{"href":"https:\/\/automatic.ee\/en\/wp-json\/wp\/v2\/types\/product"}],"replies":[{"embeddable":true,"href":"https:\/\/automatic.ee\/en\/wp-json\/wp\/v2\/comments?post=104389"}],"wp:featuredmedia":[{"embeddable":true,"href":"https:\/\/automatic.ee\/en\/wp-json\/wp\/v2\/media\/104386"}],"wp:attachment":[{"href":"https:\/\/automatic.ee\/en\/wp-json\/wp\/v2\/media?parent=104389"}],"wp:term":[{"taxonomy":"product_brand","embeddable":true,"href":"https:\/\/automatic.ee\/en\/wp-json\/wp\/v2\/product_brand?post=104389"},{"taxonomy":"product_cat","embeddable":true,"href":"https:\/\/automatic.ee\/en\/wp-json\/wp\/v2\/product_cat?post=104389"},{"taxonomy":"product_tag","embeddable":true,"href":"https:\/\/automatic.ee\/en\/wp-json\/wp\/v2\/product_tag?post=104389"}],"curies":[{"name":"wp","href":"https:\/\/api.w.org\/{rel}","templated":true}]}}