{"id":104377,"date":"2025-11-04T03:28:54","date_gmt":"2025-11-04T01:28:54","guid":{"rendered":"https:\/\/automatic.ee\/toode\/common-rail-diesel-system-cleanprotect-1l-pro-tec\/"},"modified":"2025-11-04T03:28:54","modified_gmt":"2025-11-04T01:28:54","slug":"common-rail-diesel-system-cleanprotect-1l-pro-tec","status":"publish","type":"product","link":"https:\/\/automatic.ee\/en\/toode\/common-rail-diesel-system-cleanprotect-1l-pro-tec\/","title":{"rendered":"COMMON RAIL DIESEL SYSTEM CLEAN&amp;PROTECT 1l PRO-TEC"},"content":{"rendered":"<p>Uue p\u00f5lvkonna k\u00f5rgtehnoloogiline toode, mis on spetsiaalselt loodud Common Rail sissepritses\u00fcsteemiga diiselmootoritele. Eemaldab usaldusv\u00e4\u00e4rselt v\u00e4ikseimad saasteained k\u00fctusepaagist p\u00f5lemiskambrisse. Eemaldab k\u00fctuse sissepritses\u00fcsteemis s\u00fcsiniku-, t\u00f5rva- ja koksiladestused. Tagab k\u00f5igi k\u00fctuses\u00fcsteemi elementide m\u00e4\u00e4rimise ja kaitseb neid. Hoiab \u00e4ra k\u00fctuse oks\u00fcdatsiooniproduktide tekke ja mikroorganismide kasvu. Tagab optimaalse k\u00fctuse pihustamise ja suurendab mootori efektiivsust. H\u00e4vitab diislik\u00fctuses olevad veemullid ja tagab heitgaaside parameetrite vastavuse keskkonnastandarditele.<\/p>\n<p>Lisa auto k\u00fctusepaaki. K\u00fctuses\u00fcsteemi t\u00f5sise saastumise korral puhastage seda PRO-TEC Clear Flow abil<\/p>\n<p>Soovitatav k\u00f5ikidele diiselmootoritele, sealhulgas Common Rail k\u00fctuse sissepritse ja turbo\u00fclelaaduriga mootoritele.<span class=\"redactor-invisible-space\"><br \/><\/span><\/p>\n","protected":false},"excerpt":{"rendered":"<p>P2109<\/p>\n","protected":false},"featured_media":104374,"comment_status":"open","ping_status":"closed","template":"","meta":{"colormag_page_container_layout":"default_layout","colormag_page_sidebar_layout":"default_layout"},"product_brand":[],"product_cat":[128],"product_tag":[],"class_list":{"0":"post-104377","1":"product","2":"type-product","3":"status-publish","4":"has-post-thumbnail","6":"product_cat-autokeemia","8":"first","9":"instock","10":"shipping-taxable","11":"purchasable","12":"product-type-simple"},"_links":{"self":[{"href":"https:\/\/automatic.ee\/en\/wp-json\/wp\/v2\/product\/104377","targetHints":{"allow":["GET"]}}],"collection":[{"href":"https:\/\/automatic.ee\/en\/wp-json\/wp\/v2\/product"}],"about":[{"href":"https:\/\/automatic.ee\/en\/wp-json\/wp\/v2\/types\/product"}],"replies":[{"embeddable":true,"href":"https:\/\/automatic.ee\/en\/wp-json\/wp\/v2\/comments?post=104377"}],"wp:featuredmedia":[{"embeddable":true,"href":"https:\/\/automatic.ee\/en\/wp-json\/wp\/v2\/media\/104374"}],"wp:attachment":[{"href":"https:\/\/automatic.ee\/en\/wp-json\/wp\/v2\/media?parent=104377"}],"wp:term":[{"taxonomy":"product_brand","embeddable":true,"href":"https:\/\/automatic.ee\/en\/wp-json\/wp\/v2\/product_brand?post=104377"},{"taxonomy":"product_cat","embeddable":true,"href":"https:\/\/automatic.ee\/en\/wp-json\/wp\/v2\/product_cat?post=104377"},{"taxonomy":"product_tag","embeddable":true,"href":"https:\/\/automatic.ee\/en\/wp-json\/wp\/v2\/product_tag?post=104377"}],"curies":[{"name":"wp","href":"https:\/\/api.w.org\/{rel}","templated":true}]}}