{"id":104361,"date":"2025-11-04T03:28:35","date_gmt":"2025-11-04T01:28:35","guid":{"rendered":"https:\/\/automatic.ee\/toode\/kaigukasti-olilekke-peataja-50ml-pro-tec\/"},"modified":"2025-11-04T03:28:35","modified_gmt":"2025-11-04T01:28:35","slug":"kaigukasti-olilekke-peataja-50ml-pro-tec","status":"publish","type":"product","link":"https:\/\/automatic.ee\/en\/toode\/kaigukasti-olilekke-peataja-50ml-pro-tec\/","title":{"rendered":"K\u00c4IGUKASTI \u00d5LILEKKE PEATAJA 50ml PRO-TEC"},"content":{"rendered":"<p>V\u00e4hendab m\u00e4rkimisv\u00e4\u00e4rselt kahjustatud mehhanismide \u00f5likadu. Kaitseb k\u00e4igukasti m\u00e4\u00e4rimisdefektide ja k\u00fctusekadudest tingitud kahjustuste eest. V\u00e4hendab m\u00e4rkimisv\u00e4\u00e4rselt kulumist ja h\u00f5\u00f5rdumist ning tagab optimaalse m\u00e4\u00e4rimise. Sisaldab k\u00f5iki tihendeid, O-r\u00f5ngaid ja Simmeri r\u00f5ngaid elastses olekus ning v\u00e4hendab mootori\u00f5li oks\u00fcdeerumist.<\/p>\n<p>\u00d5liringluse lisand. Segatakse k\u00f5igi m\u00fc\u00fcgilolevate k\u00e4igukasti\u00f5lidega.<\/p>\n","protected":false},"excerpt":{"rendered":"<p>P2141<\/p>\n","protected":false},"featured_media":104358,"comment_status":"open","ping_status":"closed","template":"","meta":{"colormag_page_container_layout":"default_layout","colormag_page_sidebar_layout":"default_layout"},"product_brand":[],"product_cat":[108],"product_tag":[],"class_list":{"0":"post-104361","1":"product","2":"type-product","3":"status-publish","4":"has-post-thumbnail","6":"product_cat-misc","8":"first","9":"instock","10":"shipping-taxable","11":"purchasable","12":"product-type-simple"},"_links":{"self":[{"href":"https:\/\/automatic.ee\/en\/wp-json\/wp\/v2\/product\/104361","targetHints":{"allow":["GET"]}}],"collection":[{"href":"https:\/\/automatic.ee\/en\/wp-json\/wp\/v2\/product"}],"about":[{"href":"https:\/\/automatic.ee\/en\/wp-json\/wp\/v2\/types\/product"}],"replies":[{"embeddable":true,"href":"https:\/\/automatic.ee\/en\/wp-json\/wp\/v2\/comments?post=104361"}],"wp:featuredmedia":[{"embeddable":true,"href":"https:\/\/automatic.ee\/en\/wp-json\/wp\/v2\/media\/104358"}],"wp:attachment":[{"href":"https:\/\/automatic.ee\/en\/wp-json\/wp\/v2\/media?parent=104361"}],"wp:term":[{"taxonomy":"product_brand","embeddable":true,"href":"https:\/\/automatic.ee\/en\/wp-json\/wp\/v2\/product_brand?post=104361"},{"taxonomy":"product_cat","embeddable":true,"href":"https:\/\/automatic.ee\/en\/wp-json\/wp\/v2\/product_cat?post=104361"},{"taxonomy":"product_tag","embeddable":true,"href":"https:\/\/automatic.ee\/en\/wp-json\/wp\/v2\/product_tag?post=104361"}],"curies":[{"name":"wp","href":"https:\/\/api.w.org\/{rel}","templated":true}]}}