{"id":104333,"date":"2025-11-04T03:28:07","date_gmt":"2025-11-04T01:28:07","guid":{"rendered":"https:\/\/automatic.ee\/toode\/special-maintenance-500ml-pro-tec\/"},"modified":"2025-11-04T03:28:07","modified_gmt":"2025-11-04T01:28:07","slug":"special-maintenance-500ml-pro-tec","status":"publish","type":"product","link":"https:\/\/automatic.ee\/en\/toode\/special-maintenance-500ml-pro-tec\/","title":{"rendered":"SPECIAL MAINTENANCE 500ml PRO-TEC"},"content":{"rendered":"<p>Spetsiaalne ennetav aerosool on kombinatsioon ainetest, mis ei sisalda rasvu, \u00f5lisid ja lahusteid, millel on \u00fclit\u00f5husad m\u00e4\u00e4rivad ja kaitsvad omadused. Toode tagab m\u00e4\u00e4rimise k\u00f5ikides temperatuurivahemikes, hoiab \u00e4ra lekkevoolud ja pingekadu, immutab ja kaitseb v\u00e4liseid s\u00fcnteetilisi osi. Toimib ka paigaldusabina, n\u00e4iteks voolikute vms \u00fchendamisel.<\/p>\n<p>Enne kasutamist loksutage korralikult ja seej\u00e4rel pihustage m\u00e4\u00e4ritavatele kohtadele.<\/p>\n","protected":false},"excerpt":{"rendered":"<p>P2401<\/p>\n","protected":false},"featured_media":104330,"comment_status":"open","ping_status":"closed","template":"","meta":{"colormag_page_container_layout":"default_layout","colormag_page_sidebar_layout":"default_layout"},"product_brand":[],"product_cat":[128],"product_tag":[],"class_list":{"0":"post-104333","1":"product","2":"type-product","3":"status-publish","4":"has-post-thumbnail","6":"product_cat-autokeemia","8":"first","9":"instock","10":"shipping-taxable","11":"purchasable","12":"product-type-simple"},"_links":{"self":[{"href":"https:\/\/automatic.ee\/en\/wp-json\/wp\/v2\/product\/104333","targetHints":{"allow":["GET"]}}],"collection":[{"href":"https:\/\/automatic.ee\/en\/wp-json\/wp\/v2\/product"}],"about":[{"href":"https:\/\/automatic.ee\/en\/wp-json\/wp\/v2\/types\/product"}],"replies":[{"embeddable":true,"href":"https:\/\/automatic.ee\/en\/wp-json\/wp\/v2\/comments?post=104333"}],"wp:featuredmedia":[{"embeddable":true,"href":"https:\/\/automatic.ee\/en\/wp-json\/wp\/v2\/media\/104330"}],"wp:attachment":[{"href":"https:\/\/automatic.ee\/en\/wp-json\/wp\/v2\/media?parent=104333"}],"wp:term":[{"taxonomy":"product_brand","embeddable":true,"href":"https:\/\/automatic.ee\/en\/wp-json\/wp\/v2\/product_brand?post=104333"},{"taxonomy":"product_cat","embeddable":true,"href":"https:\/\/automatic.ee\/en\/wp-json\/wp\/v2\/product_cat?post=104333"},{"taxonomy":"product_tag","embeddable":true,"href":"https:\/\/automatic.ee\/en\/wp-json\/wp\/v2\/product_tag?post=104333"}],"curies":[{"name":"wp","href":"https:\/\/api.w.org\/{rel}","templated":true}]}}