{"id":104329,"date":"2025-11-04T03:28:03","date_gmt":"2025-11-04T01:28:03","guid":{"rendered":"https:\/\/automatic.ee\/toode\/brake-anti-seize-500ml-pro-tec\/"},"modified":"2025-11-04T03:28:03","modified_gmt":"2025-11-04T01:28:03","slug":"brake-anti-seize-500ml-pro-tec","status":"publish","type":"product","link":"https:\/\/automatic.ee\/en\/toode\/brake-anti-seize-500ml-pro-tec\/","title":{"rendered":"BRAKE ANTI SEIZE 500ml PRO-TEC"},"content":{"rendered":"<p>Vahend pidurite hooldamiseks on k\u00f5rge adhesiooniga m\u00e4\u00e4re, mis on vastupidav ekstreemselt k\u00f5rgete temperatuuride ja mehaanilise pinge suhtes. Garanteerib pikaaegse kaitse rooste ja korrosiooni eest, k\u00f5rvaldab m\u00fcra, tagab konstruktsiooni osade \u00f5ige funktsioneerimise, nende normaalse liikuvuse, kaitseb soolade, leeliste ja veepritsmete eest.<\/p>\n<h3>KASUTAMINE<\/h3>\n<p>Enne spetsiaalse prof\u00fclaktilise m\u00e4\u00e4rde kasutamist tuleb t\u00f6\u00f6deldavad pinnad hoolikalt puhastada PRO-TEC universaalse puhastaja abil.<\/p>\n","protected":false},"excerpt":{"rendered":"<p>P2601<\/p>\n","protected":false},"featured_media":104326,"comment_status":"open","ping_status":"closed","template":"","meta":{"colormag_page_container_layout":"default_layout","colormag_page_sidebar_layout":"default_layout"},"product_brand":[],"product_cat":[128],"product_tag":[],"class_list":{"0":"post-104329","1":"product","2":"type-product","3":"status-publish","4":"has-post-thumbnail","6":"product_cat-autokeemia","8":"first","9":"instock","10":"shipping-taxable","11":"purchasable","12":"product-type-simple"},"_links":{"self":[{"href":"https:\/\/automatic.ee\/en\/wp-json\/wp\/v2\/product\/104329","targetHints":{"allow":["GET"]}}],"collection":[{"href":"https:\/\/automatic.ee\/en\/wp-json\/wp\/v2\/product"}],"about":[{"href":"https:\/\/automatic.ee\/en\/wp-json\/wp\/v2\/types\/product"}],"replies":[{"embeddable":true,"href":"https:\/\/automatic.ee\/en\/wp-json\/wp\/v2\/comments?post=104329"}],"wp:featuredmedia":[{"embeddable":true,"href":"https:\/\/automatic.ee\/en\/wp-json\/wp\/v2\/media\/104326"}],"wp:attachment":[{"href":"https:\/\/automatic.ee\/en\/wp-json\/wp\/v2\/media?parent=104329"}],"wp:term":[{"taxonomy":"product_brand","embeddable":true,"href":"https:\/\/automatic.ee\/en\/wp-json\/wp\/v2\/product_brand?post=104329"},{"taxonomy":"product_cat","embeddable":true,"href":"https:\/\/automatic.ee\/en\/wp-json\/wp\/v2\/product_cat?post=104329"},{"taxonomy":"product_tag","embeddable":true,"href":"https:\/\/automatic.ee\/en\/wp-json\/wp\/v2\/product_tag?post=104329"}],"curies":[{"name":"wp","href":"https:\/\/api.w.org\/{rel}","templated":true}]}}