{"id":104317,"date":"2025-11-04T03:27:50","date_gmt":"2025-11-04T01:27:50","guid":{"rendered":"https:\/\/automatic.ee\/toode\/electronic-spray-400ml-pro-tec\/"},"modified":"2025-11-04T03:27:50","modified_gmt":"2025-11-04T01:27:50","slug":"electronic-spray-400ml-pro-tec","status":"publish","type":"product","link":"https:\/\/automatic.ee\/en\/toode\/electronic-spray-400ml-pro-tec\/","title":{"rendered":"ELECTRONIC SPRAY 400ml PRO-TEC"},"content":{"rendered":"<p>Tungib s\u00fcgavale ja k\u00f5rvaldab niiskuse kaablitele, \u00fchendustele, elektrikontaktidele, moodustab v\u00e4ga \u00f5hukese kihi ja kaitseb seet\u00f5ttu elektri\u00fchendusi niiskuse eest, puhastab kontakte, eemaldab mustuse ja eemaldab vanad sisestused. S\u00e4ilitab ja v\u00e4hendab pinnalekkeid. V\u00e4hendab pingelangust ja muudab elektri\u00fchendused t\u00f6\u00f6kindlaks. V\u00e4hendab kulumist, ei reageeri lakkide, plastide ja kummiga.<\/p>\n<p>Pihustage t\u00f6\u00f6deldavale pinnale.<\/p>\n","protected":false},"excerpt":{"rendered":"<p>P2901<\/p>\n","protected":false},"featured_media":104314,"comment_status":"open","ping_status":"closed","template":"","meta":{"colormag_page_container_layout":"default_layout","colormag_page_sidebar_layout":"default_layout"},"product_brand":[],"product_cat":[128],"product_tag":[],"class_list":{"0":"post-104317","1":"product","2":"type-product","3":"status-publish","4":"has-post-thumbnail","6":"product_cat-autokeemia","8":"first","9":"instock","10":"shipping-taxable","11":"purchasable","12":"product-type-simple"},"_links":{"self":[{"href":"https:\/\/automatic.ee\/en\/wp-json\/wp\/v2\/product\/104317","targetHints":{"allow":["GET"]}}],"collection":[{"href":"https:\/\/automatic.ee\/en\/wp-json\/wp\/v2\/product"}],"about":[{"href":"https:\/\/automatic.ee\/en\/wp-json\/wp\/v2\/types\/product"}],"replies":[{"embeddable":true,"href":"https:\/\/automatic.ee\/en\/wp-json\/wp\/v2\/comments?post=104317"}],"wp:featuredmedia":[{"embeddable":true,"href":"https:\/\/automatic.ee\/en\/wp-json\/wp\/v2\/media\/104314"}],"wp:attachment":[{"href":"https:\/\/automatic.ee\/en\/wp-json\/wp\/v2\/media?parent=104317"}],"wp:term":[{"taxonomy":"product_brand","embeddable":true,"href":"https:\/\/automatic.ee\/en\/wp-json\/wp\/v2\/product_brand?post=104317"},{"taxonomy":"product_cat","embeddable":true,"href":"https:\/\/automatic.ee\/en\/wp-json\/wp\/v2\/product_cat?post=104317"},{"taxonomy":"product_tag","embeddable":true,"href":"https:\/\/automatic.ee\/en\/wp-json\/wp\/v2\/product_tag?post=104317"}],"curies":[{"name":"wp","href":"https:\/\/api.w.org\/{rel}","templated":true}]}}