{"id":104301,"date":"2025-11-04T03:27:38","date_gmt":"2025-11-04T01:27:38","guid":{"rendered":"https:\/\/automatic.ee\/toode\/dpfcatalyst-cleaner-400ml-pro-tec\/"},"modified":"2025-11-04T03:27:38","modified_gmt":"2025-11-04T01:27:38","slug":"dpfcatalyst-cleaner-400ml-pro-tec","status":"publish","type":"product","link":"https:\/\/automatic.ee\/en\/toode\/dpfcatalyst-cleaner-400ml-pro-tec\/","title":{"rendered":"DPF&amp;CATALYST CLEANER 400ml PRO-TEC"},"content":{"rendered":"<p>DPF &amp; Catalyst Cleaner \u2013 toode DPF-filtrite ja katal\u00fcsaatorite t\u00f5husaks puhastamiseks ilma eemaldamiseta. Lahustab ja eemaldab k\u00f5ik t\u00fc\u00fcpilised saasteained DPF-filtritest ja katal\u00fcsaatoritest. K\u00f5rvaldab m\u00e4\u00e4rdunud DPF-filtrite ja katal\u00fcsaatoritega seotud toitekadu ja avariire\u017eiimid. Taastab mootori v\u00f5imsuse ja parandab s\u00f5iduki d\u00fcnaamikat.<\/p>\n<div>Toode sobib ka ERG klapi puhastamiseks.<\/div>\n<div>Enne kasutamist tuleb sisu tugevalt loksutada 1 minut! Filtrile juurdep\u00e4\u00e4semiseks eemaldage enamikul juhtudel temperatuuri- v\u00f5i r\u00f5huandur v\u00f5i lambda-sond DPF-filtri ja katal\u00fcsaatori ees. Otse l\u00e4bi painduva pihustussondi, mis on sisestatud DPF-filtri\/katal\u00fcsaatori sisselaskeava avatud avasse, pihustage toodet (v\u00e4ljal\u00fclitatud mootoriga) mitme 5-sekundilise intervalliga 5-sekundilise pausiga, kuni sisselaskeava juures pole enam vahtu n\u00e4ha. . Seej\u00e4rel eemaldage pihustussond ja paigaldage eemaldatud andur. Tahkete osakeste filtri t\u00f6\u00f6tlemisel lahustub sellele tekkinud tahm mikroosakesteks, soodustades selle p\u00f5lemist filtri regenereerimise protsessis.<\/div>\n<div>Ravi l\u00f5pus alustage DPF-filtri sundregenereerimist diagnostilise testeri abil. Seej\u00e4rel lugege ja kustutage veakoodid (vead). J\u00e4rgige seda 20-minutilise proovis\u00f5iduga maanteel.<\/div>\n<div>Toode sobib k\u00f5ikidele suletud t\u00fc\u00fcpi tahkete osakeste filtritele. Sel juhul peaksite enne kasutamist kontrollima mootori\u00f5li taset. Kui diislik\u00fctust satub mootori\u00f5lisse, tuleb see v\u00e4lja vahetada.<span><\/span><\/div>\n","protected":false},"excerpt":{"rendered":"<p>P2985<\/p>\n","protected":false},"featured_media":104298,"comment_status":"open","ping_status":"closed","template":"","meta":{"colormag_page_container_layout":"default_layout","colormag_page_sidebar_layout":"default_layout"},"product_brand":[],"product_cat":[128],"product_tag":[],"class_list":{"0":"post-104301","1":"product","2":"type-product","3":"status-publish","4":"has-post-thumbnail","6":"product_cat-autokeemia","8":"first","9":"instock","10":"shipping-taxable","11":"purchasable","12":"product-type-simple"},"_links":{"self":[{"href":"https:\/\/automatic.ee\/en\/wp-json\/wp\/v2\/product\/104301","targetHints":{"allow":["GET"]}}],"collection":[{"href":"https:\/\/automatic.ee\/en\/wp-json\/wp\/v2\/product"}],"about":[{"href":"https:\/\/automatic.ee\/en\/wp-json\/wp\/v2\/types\/product"}],"replies":[{"embeddable":true,"href":"https:\/\/automatic.ee\/en\/wp-json\/wp\/v2\/comments?post=104301"}],"wp:featuredmedia":[{"embeddable":true,"href":"https:\/\/automatic.ee\/en\/wp-json\/wp\/v2\/media\/104298"}],"wp:attachment":[{"href":"https:\/\/automatic.ee\/en\/wp-json\/wp\/v2\/media?parent=104301"}],"wp:term":[{"taxonomy":"product_brand","embeddable":true,"href":"https:\/\/automatic.ee\/en\/wp-json\/wp\/v2\/product_brand?post=104301"},{"taxonomy":"product_cat","embeddable":true,"href":"https:\/\/automatic.ee\/en\/wp-json\/wp\/v2\/product_cat?post=104301"},{"taxonomy":"product_tag","embeddable":true,"href":"https:\/\/automatic.ee\/en\/wp-json\/wp\/v2\/product_tag?post=104301"}],"curies":[{"name":"wp","href":"https:\/\/api.w.org\/{rel}","templated":true}]}}