{"id":104289,"date":"2025-11-04T03:27:27","date_gmt":"2025-11-04T01:27:27","guid":{"rendered":"https:\/\/automatic.ee\/toode\/nano-engine-protectseal-75ml-pro-tec\/"},"modified":"2025-11-04T03:27:27","modified_gmt":"2025-11-04T01:27:27","slug":"nano-engine-protectseal-75ml-pro-tec","status":"publish","type":"product","link":"https:\/\/automatic.ee\/en\/toode\/nano-engine-protectseal-75ml-pro-tec\/","title":{"rendered":"Nano engine protect&amp;seal 75ml PRO-TEC"},"content":{"rendered":"<p>H\u00f5\u00f5rdumisvastane nanomootori kaitse, mis on m\u00f5eldud bensiini- ja diiselmootoritele, sealhulgas \u00fchisanumsissepritses\u00fcsteemi ja pumbapihustitega mootoritele. Toodet soovitatakse turbo\u00fclelaaduri, katal\u00fcsaatori ja tahkete osakeste filtriga mootoritele. Moodustab \u00fcliaktiivse h\u00f5\u00f5rdumisevastase nanobarj\u00e4\u00e4ri mootoriosade ja m\u00e4\u00e4rdekeskkonnas h\u00f5\u00f5rduvate agregaatide, nagu manuaal- ja automaatk\u00e4igukastid, diferentsiaalid ja \u00fclekandekastid, vahele. Taastab mehaanilised ja tihendikarbi tihendid.<\/p>\n<p>Lisage m\u00e4\u00e4rimists\u00fcklisse Nano Engine Protect &amp; Seal. 375 ml. piisab 5 liitri \u00f5li jaoks. Diferentsiaalil\u00fclitamiseks, servomehhanismiga rooliseadmetele doseerida vahekorras 1:10. Enne kasutamist soovitame puhastada m\u00e4\u00e4rde- ja \u00f5lits\u00fcklid Pro-Tec Engine Flush&#8217;iga.<\/p>\n","protected":false},"excerpt":{"rendered":"<p>P9201<\/p>\n","protected":false},"featured_media":104286,"comment_status":"open","ping_status":"closed","template":"","meta":{"colormag_page_container_layout":"default_layout","colormag_page_sidebar_layout":"default_layout"},"product_brand":[],"product_cat":[128],"product_tag":[],"class_list":{"0":"post-104289","1":"product","2":"type-product","3":"status-publish","4":"has-post-thumbnail","6":"product_cat-autokeemia","8":"first","9":"instock","10":"shipping-taxable","11":"purchasable","12":"product-type-simple"},"_links":{"self":[{"href":"https:\/\/automatic.ee\/en\/wp-json\/wp\/v2\/product\/104289","targetHints":{"allow":["GET"]}}],"collection":[{"href":"https:\/\/automatic.ee\/en\/wp-json\/wp\/v2\/product"}],"about":[{"href":"https:\/\/automatic.ee\/en\/wp-json\/wp\/v2\/types\/product"}],"replies":[{"embeddable":true,"href":"https:\/\/automatic.ee\/en\/wp-json\/wp\/v2\/comments?post=104289"}],"wp:featuredmedia":[{"embeddable":true,"href":"https:\/\/automatic.ee\/en\/wp-json\/wp\/v2\/media\/104286"}],"wp:attachment":[{"href":"https:\/\/automatic.ee\/en\/wp-json\/wp\/v2\/media?parent=104289"}],"wp:term":[{"taxonomy":"product_brand","embeddable":true,"href":"https:\/\/automatic.ee\/en\/wp-json\/wp\/v2\/product_brand?post=104289"},{"taxonomy":"product_cat","embeddable":true,"href":"https:\/\/automatic.ee\/en\/wp-json\/wp\/v2\/product_cat?post=104289"},{"taxonomy":"product_tag","embeddable":true,"href":"https:\/\/automatic.ee\/en\/wp-json\/wp\/v2\/product_tag?post=104289"}],"curies":[{"name":"wp","href":"https:\/\/api.w.org\/{rel}","templated":true}]}}